{"id":1763,"date":"2023-09-26T12:59:16","date_gmt":"2023-09-26T12:59:16","guid":{"rendered":"https:\/\/www.betclic-bordeaux-premierpadel.com\/results\/"},"modified":"2025-12-03T15:19:42","modified_gmt":"2025-12-03T15:19:42","slug":"results","status":"publish","type":"page","link":"https:\/\/www.betclic-bordeaux-premierpadel.com\/en\/results\/","title":{"rendered":"Results"},"content":{"rendered":"\t\t<div data-elementor-type=\"wp-page\" data-elementor-id=\"1763\" class=\"elementor elementor-1763 elementor-243\">\n\t\t\t\t\t\t\t<div class=\"elementor-element elementor-element-091c3c1 e-con-full e-flex e-con e-parent\" data-id=\"091c3c1\" data-element_type=\"container\" data-settings=\"{&quot;content_width&quot;:&quot;full&quot;}\" data-core-v316-plus=\"true\">\n\t\t<div class=\"elementor-element elementor-element-bb0aa69 e-con-full e-flex e-con e-child\" data-id=\"bb0aa69\" data-element_type=\"container\" data-settings=\"{&quot;content_width&quot;:&quot;full&quot;,&quot;background_background&quot;:&quot;classic&quot;}\">\n\t\t\t\t<div class=\"elementor-element elementor-element-0ac9af7 elementor-invisible elementor-widget elementor-widget-heading\" data-id=\"0ac9af7\" data-element_type=\"widget\" data-settings=\"{&quot;_animation&quot;:&quot;fadeIn&quot;}\" data-widget_type=\"heading.default\">\n\t\t\t\t<div class=\"elementor-widget-container\">\n\t\t\t<style>\/*! elementor - v3.16.0 - 20-09-2023 *\/\n.elementor-heading-title{padding:0;margin:0;line-height:1}.elementor-widget-heading .elementor-heading-title[class*=elementor-size-]>a{color:inherit;font-size:inherit;line-height:inherit}.elementor-widget-heading .elementor-heading-title.elementor-size-small{font-size:15px}.elementor-widget-heading .elementor-heading-title.elementor-size-medium{font-size:19px}.elementor-widget-heading .elementor-heading-title.elementor-size-large{font-size:29px}.elementor-widget-heading .elementor-heading-title.elementor-size-xl{font-size:39px}.elementor-widget-heading .elementor-heading-title.elementor-size-xxl{font-size:59px}<\/style><h1 class=\"elementor-heading-title elementor-size-default\">Results<\/h1>\t\t<\/div>\n\t\t\t\t<\/div>\n\t\t\t\t<\/div>\n\t\t\t\t<\/div>\n\t\t<div class=\"elementor-element elementor-element-d2e490c e-flex e-con-boxed e-con e-parent\" data-id=\"d2e490c\" data-element_type=\"container\" data-settings=\"{&quot;content_width&quot;:&quot;boxed&quot;}\" data-core-v316-plus=\"true\">\n\t\t\t\t\t<div class=\"e-con-inner\">\n\t\t\t\t<div class=\"elementor-element elementor-element-b781da9 elementor-invisible elementor-widget elementor-widget-heading\" data-id=\"b781da9\" data-element_type=\"widget\" data-settings=\"{&quot;_animation&quot;:&quot;fadeIn&quot;}\" data-widget_type=\"heading.default\">\n\t\t\t\t<div class=\"elementor-widget-container\">\n\t\t\t<h2 class=\"elementor-heading-title elementor-size-default\">RESULTS LIVE<\/h2>\t\t<\/div>\n\t\t\t\t<\/div>\n\t\t\t\t<div class=\"elementor-element elementor-element-17d1023 elementor-align-center elementor-widget elementor-widget-button\" data-id=\"17d1023\" data-element_type=\"widget\" data-widget_type=\"button.default\">\n\t\t\t\t<div class=\"elementor-widget-container\">\n\t\t\t\t\t<div class=\"elementor-button-wrapper\">\n\t\t\t<a class=\"elementor-button elementor-button-link elementor-size-sm\" href=\"https:\/\/www.betclic-bordeaux-premierpadel.com\/en\/tickets\/\">\n\t\t\t\t\t\t<span class=\"elementor-button-content-wrapper\">\n\t\t\t\t\t\t<span class=\"elementor-button-text\">RESERVE YOUR SEATS<\/span>\n\t\t<\/span>\n\t\t\t\t\t<\/a>\n\t\t<\/div>\n\t\t\t\t<\/div>\n\t\t\t\t<\/div>\n\t\t\t\t\t<\/div>\n\t\t\t\t<\/div>\n\t\t<div class=\"elementor-element elementor-element-64cbe74 elementor-hidden-desktop elementor-hidden-tablet elementor-hidden-mobile e-flex e-con-boxed e-con e-parent\" data-id=\"64cbe74\" data-element_type=\"container\" data-settings=\"{&quot;content_width&quot;:&quot;boxed&quot;}\" data-core-v316-plus=\"true\">\n\t\t\t\t\t<div class=\"e-con-inner\">\n\t\t\t\t<div class=\"elementor-element elementor-element-5032d2e elementor-widget elementor-widget-text-editor\" data-id=\"5032d2e\" data-element_type=\"widget\" data-widget_type=\"text-editor.default\">\n\t\t\t\t<div class=\"elementor-widget-container\">\n\t\t\t<style>\/*! elementor - v3.16.0 - 20-09-2023 *\/\n.elementor-widget-text-editor.elementor-drop-cap-view-stacked .elementor-drop-cap{background-color:#69727d;color:#fff}.elementor-widget-text-editor.elementor-drop-cap-view-framed .elementor-drop-cap{color:#69727d;border:3px solid;background-color:transparent}.elementor-widget-text-editor:not(.elementor-drop-cap-view-default) .elementor-drop-cap{margin-top:8px}.elementor-widget-text-editor:not(.elementor-drop-cap-view-default) .elementor-drop-cap-letter{width:1em;height:1em}.elementor-widget-text-editor .elementor-drop-cap{float:left;text-align:center;line-height:1;font-size:50px}.elementor-widget-text-editor .elementor-drop-cap-letter{display:inline-block}<\/style>\t\t\t\t<p>Live results will be available from June 28, 2025.<\/p>\n\t\t\t\t\t\t<\/div>\n\t\t\t\t<\/div>\n\t\t\t\t\t<\/div>\n\t\t\t\t<\/div>\n\t\t<div class=\"elementor-element elementor-element-742e3f5 e-flex e-con-boxed e-con e-parent\" data-id=\"742e3f5\" data-element_type=\"container\" data-settings=\"{&quot;content_width&quot;:&quot;boxed&quot;}\" data-core-v316-plus=\"true\">\n\t\t\t\t\t<div class=\"e-con-inner\">\n\t\t\t\t<div class=\"elementor-element elementor-element-9fcc255 elementor-widget elementor-widget-html\" data-id=\"9fcc255\" data-element_type=\"widget\" data-widget_type=\"html.default\">\n\t\t\t\t<div class=\"elementor-widget-container\">\n\t\t\t\n<!-- iframe plugin v.4.7 wordpress.org\/plugins\/iframe\/ -->\n<iframe loading=\"lazy\" style=\"overflow:hidden; margin-bottom:300px;\" same_height_as=\"html\" src=\"https:\/\/widget.matchscorerlive.com\/screen\/oopbyday\/FIP-2025-2401\/3?t=tol\" width=\"100%\" height=\"500\" scrolling=\"yes\" class=\"iframe-class\" frameborder=\"0\"><\/iframe>\n\r\n\t\t\t<script>\r\n\t\t\tdocument.addEventListener(\"DOMContentLoaded\", function(){\r\n\t\t\t\tvar target_element, iframe_element;\r\n\t\t\t\tiframe_element = document.querySelector(\"iframe.iframe-class\");\r\n\t\t\t\ttarget_element = document.querySelector(\"html\");\r\n\t\t\t\tiframe_element.style.height = target_element.offsetHeight + \"px\";\r\n\t\t\t});\r\n\t\t\t<\/script>\r\n\t\t \t\t<\/div>\n\t\t\t\t<\/div>\n\t\t\t\t<div class=\"elementor-element elementor-element-1573c04 elementor-hidden-desktop elementor-hidden-tablet elementor-hidden-mobile elementor-widget elementor-widget-html\" data-id=\"1573c04\" data-element_type=\"widget\" data-widget_type=\"html.default\">\n\t\t\t\t<div class=\"elementor-widget-container\">\n\t\t\t\n<!-- iframe plugin v.4.7 wordpress.org\/plugins\/iframe\/ -->\n<iframe loading=\"lazy\" style=\"overflow:hidden; margin-bottom:300px;\" same_height_as=\"html\" src=\"https:\/\/widget.matchscorerlive.com\/screen\/oopbyday\/FIP-2024-2401\/3?t=tol\" width=\"100%\" height=\"500\" scrolling=\"yes\" class=\"iframe-class\" frameborder=\"0\"><\/iframe>\n\r\n\t\t\t<script>\r\n\t\t\tdocument.addEventListener(\"DOMContentLoaded\", function(){\r\n\t\t\t\tvar target_element, iframe_element;\r\n\t\t\t\tiframe_element = document.querySelector(\"iframe.iframe-class\");\r\n\t\t\t\ttarget_element = document.querySelector(\"html\");\r\n\t\t\t\tiframe_element.style.height = target_element.offsetHeight + \"px\";\r\n\t\t\t});\r\n\t\t\t<\/script>\r\n\t\t \t\t<\/div>\n\t\t\t\t<\/div>\n\t\t\t\t<div class=\"elementor-element elementor-element-0e1e95c elementor-hidden-desktop elementor-hidden-tablet elementor-hidden-mobile elementor-widget elementor-widget-text-editor\" data-id=\"0e1e95c\" data-element_type=\"widget\" data-widget_type=\"text-editor.default\">\n\t\t\t\t<div class=\"elementor-widget-container\">\n\t\t\t\t\t\t\t&lt;iframe title=&#8221;results_oopbyday&#8221; src=&#8221;https:\/\/widget.matchscorerlive.com\/screen\/oopbyday\/FIP-2023-3603\/2?t=tol&amp;culture=fr&#8221; width=&#8221;100%&#8221; height=&#8221;100%&#8221; frameborder=&#8221;0&#8243; id=&#8221;testiframe&#8221; style=&#8221;max-width: 100%; display: block;&#8221;&gt;&lt;\/iframe&gt;\n\n FIP-2023-3603\nTo be found in the url here\nhttps:\/\/widget.matchscorerlive.com\/screen\/test\/FIP-2023-3603?t=tol\n\nExample with another tournament\n\nFIP-2023-3502\nhttps:\/\/widget.matchscorerlive.com\/screen\/oopbyday\/FIP-2023-3502\/2?t=tol&culture=fr\t\t\t\t\t\t<\/div>\n\t\t\t\t<\/div>\n\t\t\t\t\t<\/div>\n\t\t\t\t<\/div>\n\t\t\t\t\t\t\t<\/div>\n\t\t","protected":false},"excerpt":{"rendered":"<p>Results RESULTS LIVE RESERVE YOUR SEATS Live results will be available from June 28, 2025. &lt;iframe title=&#8221;results_oopbyday&#8221; src=&#8221;https:\/\/widget.matchscorerlive.com\/screen\/oopbyday\/FIP-2023-3603\/2?t=tol&amp;culture=fr&#8221; width=&#8221;100%&#8221; height=&#8221;100%&#8221; frameborder=&#8221;0&#8243; id=&#8221;testiframe&#8221; style=&#8221;max-width: 100%; display: block;&#8221;&gt;&lt;\/iframe&gt; FIP-2023-3603 To be found in the url here https:\/\/widget.matchscorerlive.com\/screen\/test\/FIP-2023-3603?t=tol Example with another tournament FIP-2023-3502 https:\/\/widget.matchscorerlive.com\/screen\/oopbyday\/FIP-2023-3502\/2?t=tol&#038;culture=fr<\/p>\n","protected":false},"author":1,"featured_media":0,"parent":0,"menu_order":0,"comment_status":"closed","ping_status":"closed","template":"","meta":{"footnotes":""},"class_list":["post-1763","page","type-page","status-publish","hentry"],"acf":[],"yoast_head":"<!-- This site is optimized with the Yoast SEO plugin v21.2 - https:\/\/yoast.com\/wordpress\/plugins\/seo\/ -->\n<title>Live results: Premier Padel Bordeaux<\/title>\n<meta name=\"description\" content=\"Follow the results live from our website \ud83c\udfbe results of padel matches during the competition Premier Padel at Patinoire Bordeaux M\u00e9riadeck.\" \/>\n<meta name=\"robots\" content=\"index, follow, max-snippet:-1, max-image-preview:large, max-video-preview:-1\" \/>\n<link rel=\"canonical\" href=\"https:\/\/www.betclic-bordeaux-premierpadel.com\/en\/results\/\" \/>\n<meta property=\"og:locale\" content=\"en_GB\" \/>\n<meta property=\"og:type\" content=\"article\" \/>\n<meta property=\"og:title\" content=\"Live results: Premier Padel Bordeaux\" \/>\n<meta property=\"og:description\" content=\"Follow the results live from our website \ud83c\udfbe results of padel matches during the competition Premier Padel at Patinoire Bordeaux M\u00e9riadeck.\" \/>\n<meta property=\"og:url\" content=\"https:\/\/www.betclic-bordeaux-premierpadel.com\/en\/results\/\" \/>\n<meta property=\"og:site_name\" content=\"BORDEAUX PREMIER PADEL\" \/>\n<meta property=\"article:publisher\" content=\"https:\/\/www.facebook.com\/bordeauxpremierpadel\/\" \/>\n<meta property=\"article:modified_time\" content=\"2025-12-03T15:19:42+00:00\" \/>\n<meta property=\"og:image\" content=\"https:\/\/www.betclic-bordeaux-premierpadel.com\/wp-content\/uploads\/2023\/09\/article2.png\" \/>\n\t<meta property=\"og:image:width\" content=\"480\" \/>\n\t<meta property=\"og:image:height\" content=\"324\" \/>\n\t<meta property=\"og:image:type\" content=\"image\/png\" \/>\n<meta name=\"twitter:card\" content=\"summary_large_image\" \/>\n<meta name=\"twitter:label1\" content=\"Estimated reading time\" \/>\n\t<meta name=\"twitter:data1\" content=\"1 minute\" \/>\n<script type=\"application\/ld+json\" class=\"yoast-schema-graph\">{\"@context\":\"https:\/\/schema.org\",\"@graph\":[{\"@type\":\"WebPage\",\"@id\":\"https:\/\/www.betclic-bordeaux-premierpadel.com\/en\/results\/\",\"url\":\"https:\/\/www.betclic-bordeaux-premierpadel.com\/en\/results\/\",\"name\":\"Live results: Premier Padel Bordeaux\",\"isPartOf\":{\"@id\":\"https:\/\/www.betclic-bordeaux-premierpadel.com\/en\/#website\"},\"datePublished\":\"2023-09-26T12:59:16+00:00\",\"dateModified\":\"2025-12-03T15:19:42+00:00\",\"description\":\"Follow the results live from our website \ud83c\udfbe results of padel matches during the competition Premier Padel at Patinoire Bordeaux M\u00e9riadeck.\",\"breadcrumb\":{\"@id\":\"https:\/\/www.betclic-bordeaux-premierpadel.com\/en\/results\/#breadcrumb\"},\"inLanguage\":\"en-GB\",\"potentialAction\":[{\"@type\":\"ReadAction\",\"target\":[\"https:\/\/www.betclic-bordeaux-premierpadel.com\/en\/results\/\"]}]},{\"@type\":\"BreadcrumbList\",\"@id\":\"https:\/\/www.betclic-bordeaux-premierpadel.com\/en\/results\/#breadcrumb\",\"itemListElement\":[{\"@type\":\"ListItem\",\"position\":1,\"name\":\"Accueil\",\"item\":\"https:\/\/www.betclic-bordeaux-premierpadel.com\/en\/\"},{\"@type\":\"ListItem\",\"position\":2,\"name\":\"Results\"}]},{\"@type\":\"WebSite\",\"@id\":\"https:\/\/www.betclic-bordeaux-premierpadel.com\/en\/#website\",\"url\":\"https:\/\/www.betclic-bordeaux-premierpadel.com\/en\/\",\"name\":\"Betclic Bordeaux Premier Padel\",\"description\":\"Une comp\u00e9tition d&#039;exception ! Premi\u00e8re \u00e9dition \u00e0 Bordeaux du 10 au 16 JUIN 2024\",\"publisher\":{\"@id\":\"https:\/\/www.betclic-bordeaux-premierpadel.com\/en\/#organization\"},\"potentialAction\":[{\"@type\":\"SearchAction\",\"target\":{\"@type\":\"EntryPoint\",\"urlTemplate\":\"https:\/\/www.betclic-bordeaux-premierpadel.com\/en\/?s={search_term_string}\"},\"query-input\":\"required name=search_term_string\"}],\"inLanguage\":\"en-GB\"},{\"@type\":\"Organization\",\"@id\":\"https:\/\/www.betclic-bordeaux-premierpadel.com\/en\/#organization\",\"name\":\"Betclic Bordeaux Premier Padel\",\"url\":\"https:\/\/www.betclic-bordeaux-premierpadel.com\/en\/\",\"logo\":{\"@type\":\"ImageObject\",\"inLanguage\":\"en-GB\",\"@id\":\"https:\/\/www.betclic-bordeaux-premierpadel.com\/en\/#\/schema\/logo\/image\/\",\"url\":\"https:\/\/www.betclic-bordeaux-premierpadel.com\/wp-content\/uploads\/2023\/12\/410293210_122124570170065325_6712053541632223723_n.jpg\",\"contentUrl\":\"https:\/\/www.betclic-bordeaux-premierpadel.com\/wp-content\/uploads\/2023\/12\/410293210_122124570170065325_6712053541632223723_n.jpg\",\"width\":1201,\"height\":1201,\"caption\":\"Betclic Bordeaux Premier Padel\"},\"image\":{\"@id\":\"https:\/\/www.betclic-bordeaux-premierpadel.com\/en\/#\/schema\/logo\/image\/\"},\"sameAs\":[\"https:\/\/www.facebook.com\/bordeauxpremierpadel\/\",\"https:\/\/www.instagram.com\/bordeauxpremierpadel\/\"]}]}<\/script>\n<!-- \/ Yoast SEO plugin. -->","yoast_head_json":{"title":"Live results: Premier Padel Bordeaux","description":"Follow the results live from our website \ud83c\udfbe results of padel matches during the competition Premier Padel at Patinoire Bordeaux M\u00e9riadeck.","robots":{"index":"index","follow":"follow","max-snippet":"max-snippet:-1","max-image-preview":"max-image-preview:large","max-video-preview":"max-video-preview:-1"},"canonical":"https:\/\/www.betclic-bordeaux-premierpadel.com\/en\/results\/","og_locale":"en_GB","og_type":"article","og_title":"Live results: Premier Padel Bordeaux","og_description":"Follow the results live from our website \ud83c\udfbe results of padel matches during the competition Premier Padel at Patinoire Bordeaux M\u00e9riadeck.","og_url":"https:\/\/www.betclic-bordeaux-premierpadel.com\/en\/results\/","og_site_name":"BORDEAUX PREMIER PADEL","article_publisher":"https:\/\/www.facebook.com\/bordeauxpremierpadel\/","article_modified_time":"2025-12-03T15:19:42+00:00","og_image":[{"width":480,"height":324,"url":"https:\/\/www.betclic-bordeaux-premierpadel.com\/wp-content\/uploads\/2023\/09\/article2.png","type":"image\/png"}],"twitter_card":"summary_large_image","twitter_misc":{"Estimated reading time":"1 minute"},"schema":{"@context":"https:\/\/schema.org","@graph":[{"@type":"WebPage","@id":"https:\/\/www.betclic-bordeaux-premierpadel.com\/en\/results\/","url":"https:\/\/www.betclic-bordeaux-premierpadel.com\/en\/results\/","name":"Live results: Premier Padel Bordeaux","isPartOf":{"@id":"https:\/\/www.betclic-bordeaux-premierpadel.com\/en\/#website"},"datePublished":"2023-09-26T12:59:16+00:00","dateModified":"2025-12-03T15:19:42+00:00","description":"Follow the results live from our website \ud83c\udfbe results of padel matches during the competition Premier Padel at Patinoire Bordeaux M\u00e9riadeck.","breadcrumb":{"@id":"https:\/\/www.betclic-bordeaux-premierpadel.com\/en\/results\/#breadcrumb"},"inLanguage":"en-GB","potentialAction":[{"@type":"ReadAction","target":["https:\/\/www.betclic-bordeaux-premierpadel.com\/en\/results\/"]}]},{"@type":"BreadcrumbList","@id":"https:\/\/www.betclic-bordeaux-premierpadel.com\/en\/results\/#breadcrumb","itemListElement":[{"@type":"ListItem","position":1,"name":"Accueil","item":"https:\/\/www.betclic-bordeaux-premierpadel.com\/en\/"},{"@type":"ListItem","position":2,"name":"Results"}]},{"@type":"WebSite","@id":"https:\/\/www.betclic-bordeaux-premierpadel.com\/en\/#website","url":"https:\/\/www.betclic-bordeaux-premierpadel.com\/en\/","name":"Betclic Bordeaux Premier Padel","description":"Une comp\u00e9tition d&#039;exception ! Premi\u00e8re \u00e9dition \u00e0 Bordeaux du 10 au 16 JUIN 2024","publisher":{"@id":"https:\/\/www.betclic-bordeaux-premierpadel.com\/en\/#organization"},"potentialAction":[{"@type":"SearchAction","target":{"@type":"EntryPoint","urlTemplate":"https:\/\/www.betclic-bordeaux-premierpadel.com\/en\/?s={search_term_string}"},"query-input":"required name=search_term_string"}],"inLanguage":"en-GB"},{"@type":"Organization","@id":"https:\/\/www.betclic-bordeaux-premierpadel.com\/en\/#organization","name":"Betclic Bordeaux Premier Padel","url":"https:\/\/www.betclic-bordeaux-premierpadel.com\/en\/","logo":{"@type":"ImageObject","inLanguage":"en-GB","@id":"https:\/\/www.betclic-bordeaux-premierpadel.com\/en\/#\/schema\/logo\/image\/","url":"https:\/\/www.betclic-bordeaux-premierpadel.com\/wp-content\/uploads\/2023\/12\/410293210_122124570170065325_6712053541632223723_n.jpg","contentUrl":"https:\/\/www.betclic-bordeaux-premierpadel.com\/wp-content\/uploads\/2023\/12\/410293210_122124570170065325_6712053541632223723_n.jpg","width":1201,"height":1201,"caption":"Betclic Bordeaux Premier Padel"},"image":{"@id":"https:\/\/www.betclic-bordeaux-premierpadel.com\/en\/#\/schema\/logo\/image\/"},"sameAs":["https:\/\/www.facebook.com\/bordeauxpremierpadel\/","https:\/\/www.instagram.com\/bordeauxpremierpadel\/"]}]}},"_links":{"self":[{"href":"https:\/\/www.betclic-bordeaux-premierpadel.com\/en\/wp-json\/wp\/v2\/pages\/1763","targetHints":{"allow":["GET"]}}],"collection":[{"href":"https:\/\/www.betclic-bordeaux-premierpadel.com\/en\/wp-json\/wp\/v2\/pages"}],"about":[{"href":"https:\/\/www.betclic-bordeaux-premierpadel.com\/en\/wp-json\/wp\/v2\/types\/page"}],"author":[{"embeddable":true,"href":"https:\/\/www.betclic-bordeaux-premierpadel.com\/en\/wp-json\/wp\/v2\/users\/1"}],"replies":[{"embeddable":true,"href":"https:\/\/www.betclic-bordeaux-premierpadel.com\/en\/wp-json\/wp\/v2\/comments?post=1763"}],"version-history":[{"count":10,"href":"https:\/\/www.betclic-bordeaux-premierpadel.com\/en\/wp-json\/wp\/v2\/pages\/1763\/revisions"}],"predecessor-version":[{"id":4097,"href":"https:\/\/www.betclic-bordeaux-premierpadel.com\/en\/wp-json\/wp\/v2\/pages\/1763\/revisions\/4097"}],"wp:attachment":[{"href":"https:\/\/www.betclic-bordeaux-premierpadel.com\/en\/wp-json\/wp\/v2\/media?parent=1763"}],"curies":[{"name":"wp","href":"https:\/\/api.w.org\/{rel}","templated":true}]}}