{"id":1789,"date":"2023-09-26T13:08:31","date_gmt":"2023-09-26T13:08:31","guid":{"rendered":"https:\/\/www.betclic-bordeaux-premierpadel.com\/cookie-policy\/"},"modified":"2023-12-21T13:22:46","modified_gmt":"2023-12-21T13:22:46","slug":"cookie-policy","status":"publish","type":"page","link":"https:\/\/www.betclic-bordeaux-premierpadel.com\/en\/cookie-policy\/","title":{"rendered":"Cookie policy"},"content":{"rendered":"\t\t<div data-elementor-type=\"wp-page\" data-elementor-id=\"1789\" class=\"elementor elementor-1789 elementor-269\">\n\t\t\t\t\t\t\t<div class=\"elementor-element elementor-element-7ab0584 e-con-full e-flex e-con e-parent\" data-id=\"7ab0584\" data-element_type=\"container\" data-settings=\"{&quot;content_width&quot;:&quot;full&quot;}\" data-core-v316-plus=\"true\">\n\t\t<div class=\"elementor-element elementor-element-2ac69e4 e-con-full e-flex e-con e-child\" data-id=\"2ac69e4\" data-element_type=\"container\" data-settings=\"{&quot;content_width&quot;:&quot;full&quot;,&quot;background_background&quot;:&quot;classic&quot;}\">\n\t\t\t\t<div class=\"elementor-element elementor-element-0c1a94b elementor-widget elementor-widget-heading\" data-id=\"0c1a94b\" data-element_type=\"widget\" data-widget_type=\"heading.default\">\n\t\t\t\t<div class=\"elementor-widget-container\">\n\t\t\t<style>\/*! elementor - v3.16.0 - 20-09-2023 *\/\n.elementor-heading-title{padding:0;margin:0;line-height:1}.elementor-widget-heading .elementor-heading-title[class*=elementor-size-]>a{color:inherit;font-size:inherit;line-height:inherit}.elementor-widget-heading .elementor-heading-title.elementor-size-small{font-size:15px}.elementor-widget-heading .elementor-heading-title.elementor-size-medium{font-size:19px}.elementor-widget-heading .elementor-heading-title.elementor-size-large{font-size:29px}.elementor-widget-heading .elementor-heading-title.elementor-size-xl{font-size:39px}.elementor-widget-heading .elementor-heading-title.elementor-size-xxl{font-size:59px}<\/style><h2 class=\"elementor-heading-title elementor-size-default\">Cookie policy<\/h2>\t\t<\/div>\n\t\t\t\t<\/div>\n\t\t\t\t<\/div>\n\t\t\t\t<\/div>\n\t\t\t\t\t\t\t<\/div>\n\t\t","protected":false},"excerpt":{"rendered":"<p>Cookie policy<\/p>\n","protected":false},"author":1,"featured_media":0,"parent":0,"menu_order":0,"comment_status":"closed","ping_status":"closed","template":"","meta":{"footnotes":""},"class_list":["post-1789","page","type-page","status-publish","hentry"],"acf":[],"yoast_head":"<!-- This site is optimized with the Yoast SEO plugin v21.2 - https:\/\/yoast.com\/wordpress\/plugins\/seo\/ -->\n<title>Cookie policy | BORDEAUX PREMIER PADEL<\/title>\n<meta name=\"robots\" content=\"noindex, nofollow\" \/>\n<meta property=\"og:locale\" content=\"en_GB\" \/>\n<meta property=\"og:type\" content=\"article\" \/>\n<meta property=\"og:title\" content=\"Cookie policy | BORDEAUX PREMIER PADEL\" \/>\n<meta property=\"og:description\" content=\"Cookie policy\" \/>\n<meta property=\"og:url\" content=\"https:\/\/www.betclic-bordeaux-premierpadel.com\/en\/cookie-policy\/\" \/>\n<meta property=\"og:site_name\" content=\"BORDEAUX PREMIER PADEL\" \/>\n<meta property=\"article:publisher\" content=\"https:\/\/www.facebook.com\/bordeauxpremierpadel\/\" \/>\n<meta property=\"article:modified_time\" content=\"2023-12-21T13:22:46+00:00\" \/>\n<meta property=\"og:image\" content=\"https:\/\/www.betclic-bordeaux-premierpadel.com\/wp-content\/uploads\/2023\/09\/article2.png\" \/>\n\t<meta property=\"og:image:width\" content=\"480\" \/>\n\t<meta property=\"og:image:height\" content=\"324\" \/>\n\t<meta property=\"og:image:type\" content=\"image\/png\" \/>\n<meta name=\"twitter:card\" content=\"summary_large_image\" \/>\n<script type=\"application\/ld+json\" class=\"yoast-schema-graph\">{\"@context\":\"https:\/\/schema.org\",\"@graph\":[{\"@type\":\"WebPage\",\"@id\":\"https:\/\/www.betclic-bordeaux-premierpadel.com\/en\/cookie-policy\/\",\"url\":\"https:\/\/www.betclic-bordeaux-premierpadel.com\/en\/cookie-policy\/\",\"name\":\"Cookie policy | BORDEAUX PREMIER PADEL\",\"isPartOf\":{\"@id\":\"https:\/\/www.betclic-bordeaux-premierpadel.com\/en\/#website\"},\"datePublished\":\"2023-09-26T13:08:31+00:00\",\"dateModified\":\"2023-12-21T13:22:46+00:00\",\"breadcrumb\":{\"@id\":\"https:\/\/www.betclic-bordeaux-premierpadel.com\/en\/cookie-policy\/#breadcrumb\"},\"inLanguage\":\"en-GB\",\"potentialAction\":[{\"@type\":\"ReadAction\",\"target\":[\"https:\/\/www.betclic-bordeaux-premierpadel.com\/en\/cookie-policy\/\"]}]},{\"@type\":\"BreadcrumbList\",\"@id\":\"https:\/\/www.betclic-bordeaux-premierpadel.com\/en\/cookie-policy\/#breadcrumb\",\"itemListElement\":[{\"@type\":\"ListItem\",\"position\":1,\"name\":\"Accueil\",\"item\":\"https:\/\/www.betclic-bordeaux-premierpadel.com\/en\/\"},{\"@type\":\"ListItem\",\"position\":2,\"name\":\"Cookie policy\"}]},{\"@type\":\"WebSite\",\"@id\":\"https:\/\/www.betclic-bordeaux-premierpadel.com\/en\/#website\",\"url\":\"https:\/\/www.betclic-bordeaux-premierpadel.com\/en\/\",\"name\":\"Betclic Bordeaux Premier Padel\",\"description\":\"Une comp\u00e9tition d&#039;exception ! Premi\u00e8re \u00e9dition \u00e0 Bordeaux du 10 au 16 JUIN 2024\",\"publisher\":{\"@id\":\"https:\/\/www.betclic-bordeaux-premierpadel.com\/en\/#organization\"},\"potentialAction\":[{\"@type\":\"SearchAction\",\"target\":{\"@type\":\"EntryPoint\",\"urlTemplate\":\"https:\/\/www.betclic-bordeaux-premierpadel.com\/en\/?s={search_term_string}\"},\"query-input\":\"required name=search_term_string\"}],\"inLanguage\":\"en-GB\"},{\"@type\":\"Organization\",\"@id\":\"https:\/\/www.betclic-bordeaux-premierpadel.com\/en\/#organization\",\"name\":\"Betclic Bordeaux Premier Padel\",\"url\":\"https:\/\/www.betclic-bordeaux-premierpadel.com\/en\/\",\"logo\":{\"@type\":\"ImageObject\",\"inLanguage\":\"en-GB\",\"@id\":\"https:\/\/www.betclic-bordeaux-premierpadel.com\/en\/#\/schema\/logo\/image\/\",\"url\":\"https:\/\/www.betclic-bordeaux-premierpadel.com\/wp-content\/uploads\/2023\/12\/410293210_122124570170065325_6712053541632223723_n.jpg\",\"contentUrl\":\"https:\/\/www.betclic-bordeaux-premierpadel.com\/wp-content\/uploads\/2023\/12\/410293210_122124570170065325_6712053541632223723_n.jpg\",\"width\":1201,\"height\":1201,\"caption\":\"Betclic Bordeaux Premier Padel\"},\"image\":{\"@id\":\"https:\/\/www.betclic-bordeaux-premierpadel.com\/en\/#\/schema\/logo\/image\/\"},\"sameAs\":[\"https:\/\/www.facebook.com\/bordeauxpremierpadel\/\",\"https:\/\/www.instagram.com\/bordeauxpremierpadel\/\"]}]}<\/script>\n<!-- \/ Yoast SEO plugin. -->","yoast_head_json":{"title":"Cookie policy | BORDEAUX PREMIER PADEL","robots":{"index":"noindex","follow":"nofollow"},"og_locale":"en_GB","og_type":"article","og_title":"Cookie policy | BORDEAUX PREMIER PADEL","og_description":"Cookie policy","og_url":"https:\/\/www.betclic-bordeaux-premierpadel.com\/en\/cookie-policy\/","og_site_name":"BORDEAUX PREMIER PADEL","article_publisher":"https:\/\/www.facebook.com\/bordeauxpremierpadel\/","article_modified_time":"2023-12-21T13:22:46+00:00","og_image":[{"width":480,"height":324,"url":"https:\/\/www.betclic-bordeaux-premierpadel.com\/wp-content\/uploads\/2023\/09\/article2.png","type":"image\/png"}],"twitter_card":"summary_large_image","schema":{"@context":"https:\/\/schema.org","@graph":[{"@type":"WebPage","@id":"https:\/\/www.betclic-bordeaux-premierpadel.com\/en\/cookie-policy\/","url":"https:\/\/www.betclic-bordeaux-premierpadel.com\/en\/cookie-policy\/","name":"Cookie policy | BORDEAUX PREMIER PADEL","isPartOf":{"@id":"https:\/\/www.betclic-bordeaux-premierpadel.com\/en\/#website"},"datePublished":"2023-09-26T13:08:31+00:00","dateModified":"2023-12-21T13:22:46+00:00","breadcrumb":{"@id":"https:\/\/www.betclic-bordeaux-premierpadel.com\/en\/cookie-policy\/#breadcrumb"},"inLanguage":"en-GB","potentialAction":[{"@type":"ReadAction","target":["https:\/\/www.betclic-bordeaux-premierpadel.com\/en\/cookie-policy\/"]}]},{"@type":"BreadcrumbList","@id":"https:\/\/www.betclic-bordeaux-premierpadel.com\/en\/cookie-policy\/#breadcrumb","itemListElement":[{"@type":"ListItem","position":1,"name":"Accueil","item":"https:\/\/www.betclic-bordeaux-premierpadel.com\/en\/"},{"@type":"ListItem","position":2,"name":"Cookie policy"}]},{"@type":"WebSite","@id":"https:\/\/www.betclic-bordeaux-premierpadel.com\/en\/#website","url":"https:\/\/www.betclic-bordeaux-premierpadel.com\/en\/","name":"Betclic Bordeaux Premier Padel","description":"Une comp\u00e9tition d&#039;exception ! Premi\u00e8re \u00e9dition \u00e0 Bordeaux du 10 au 16 JUIN 2024","publisher":{"@id":"https:\/\/www.betclic-bordeaux-premierpadel.com\/en\/#organization"},"potentialAction":[{"@type":"SearchAction","target":{"@type":"EntryPoint","urlTemplate":"https:\/\/www.betclic-bordeaux-premierpadel.com\/en\/?s={search_term_string}"},"query-input":"required name=search_term_string"}],"inLanguage":"en-GB"},{"@type":"Organization","@id":"https:\/\/www.betclic-bordeaux-premierpadel.com\/en\/#organization","name":"Betclic Bordeaux Premier Padel","url":"https:\/\/www.betclic-bordeaux-premierpadel.com\/en\/","logo":{"@type":"ImageObject","inLanguage":"en-GB","@id":"https:\/\/www.betclic-bordeaux-premierpadel.com\/en\/#\/schema\/logo\/image\/","url":"https:\/\/www.betclic-bordeaux-premierpadel.com\/wp-content\/uploads\/2023\/12\/410293210_122124570170065325_6712053541632223723_n.jpg","contentUrl":"https:\/\/www.betclic-bordeaux-premierpadel.com\/wp-content\/uploads\/2023\/12\/410293210_122124570170065325_6712053541632223723_n.jpg","width":1201,"height":1201,"caption":"Betclic Bordeaux Premier Padel"},"image":{"@id":"https:\/\/www.betclic-bordeaux-premierpadel.com\/en\/#\/schema\/logo\/image\/"},"sameAs":["https:\/\/www.facebook.com\/bordeauxpremierpadel\/","https:\/\/www.instagram.com\/bordeauxpremierpadel\/"]}]}},"_links":{"self":[{"href":"https:\/\/www.betclic-bordeaux-premierpadel.com\/en\/wp-json\/wp\/v2\/pages\/1789","targetHints":{"allow":["GET"]}}],"collection":[{"href":"https:\/\/www.betclic-bordeaux-premierpadel.com\/en\/wp-json\/wp\/v2\/pages"}],"about":[{"href":"https:\/\/www.betclic-bordeaux-premierpadel.com\/en\/wp-json\/wp\/v2\/types\/page"}],"author":[{"embeddable":true,"href":"https:\/\/www.betclic-bordeaux-premierpadel.com\/en\/wp-json\/wp\/v2\/users\/1"}],"replies":[{"embeddable":true,"href":"https:\/\/www.betclic-bordeaux-premierpadel.com\/en\/wp-json\/wp\/v2\/comments?post=1789"}],"version-history":[{"count":1,"href":"https:\/\/www.betclic-bordeaux-premierpadel.com\/en\/wp-json\/wp\/v2\/pages\/1789\/revisions"}],"predecessor-version":[{"id":1792,"href":"https:\/\/www.betclic-bordeaux-premierpadel.com\/en\/wp-json\/wp\/v2\/pages\/1789\/revisions\/1792"}],"wp:attachment":[{"href":"https:\/\/www.betclic-bordeaux-premierpadel.com\/en\/wp-json\/wp\/v2\/media?parent=1789"}],"curies":[{"name":"wp","href":"https:\/\/api.w.org\/{rel}","templated":true}]}}