{"id":3032,"date":"2024-12-06T10:45:44","date_gmt":"2024-12-06T10:45:44","guid":{"rendered":"https:\/\/www.betclic-bordeaux-premierpadel.com\/tickets\/"},"modified":"2026-01-22T12:57:46","modified_gmt":"2026-01-22T12:57:46","slug":"tickets","status":"publish","type":"page","link":"https:\/\/www.betclic-bordeaux-premierpadel.com\/en\/tickets\/","title":{"rendered":"Tickets"},"content":{"rendered":"\t\t<div data-elementor-type=\"wp-page\" data-elementor-id=\"3032\" class=\"elementor elementor-3032 elementor-3027\">\n\t\t\t\t\t\t\t<div class=\"elementor-element elementor-element-091c3c1 e-con-full e-flex e-con e-parent\" data-id=\"091c3c1\" data-element_type=\"container\" data-settings=\"{&quot;content_width&quot;:&quot;full&quot;}\" data-core-v316-plus=\"true\">\n\t\t<div class=\"elementor-element elementor-element-bb0aa69 e-con-full e-flex e-con e-child\" data-id=\"bb0aa69\" data-element_type=\"container\" data-settings=\"{&quot;content_width&quot;:&quot;full&quot;,&quot;background_background&quot;:&quot;classic&quot;}\">\n\t\t\t\t<div class=\"elementor-element elementor-element-0ac9af7 elementor-invisible elementor-widget elementor-widget-heading\" data-id=\"0ac9af7\" data-element_type=\"widget\" data-settings=\"{&quot;_animation&quot;:&quot;fadeIn&quot;}\" data-widget_type=\"heading.default\">\n\t\t\t\t<div class=\"elementor-widget-container\">\n\t\t\t<style>\/*! elementor - v3.16.0 - 20-09-2023 *\/\n.elementor-heading-title{padding:0;margin:0;line-height:1}.elementor-widget-heading .elementor-heading-title[class*=elementor-size-]>a{color:inherit;font-size:inherit;line-height:inherit}.elementor-widget-heading .elementor-heading-title.elementor-size-small{font-size:15px}.elementor-widget-heading .elementor-heading-title.elementor-size-medium{font-size:19px}.elementor-widget-heading .elementor-heading-title.elementor-size-large{font-size:29px}.elementor-widget-heading .elementor-heading-title.elementor-size-xl{font-size:39px}.elementor-widget-heading .elementor-heading-title.elementor-size-xxl{font-size:59px}<\/style><h1 class=\"elementor-heading-title elementor-size-default\">Tickets<\/h1>\t\t<\/div>\n\t\t\t\t<\/div>\n\t\t\t\t<\/div>\n\t\t\t\t<\/div>\n\t\t<div class=\"elementor-element elementor-element-64cbe74 e-flex e-con-boxed e-con e-parent\" data-id=\"64cbe74\" data-element_type=\"container\" data-settings=\"{&quot;content_width&quot;:&quot;boxed&quot;}\" data-core-v316-plus=\"true\">\n\t\t\t\t\t<div class=\"e-con-inner\">\n\t\t<div class=\"elementor-element elementor-element-3b8848b e-flex e-con-boxed e-con e-child\" data-id=\"3b8848b\" data-element_type=\"container\" data-settings=\"{&quot;content_width&quot;:&quot;boxed&quot;}\">\n\t\t\t\t\t<div class=\"e-con-inner\">\n\t\t\t\t<div class=\"elementor-element elementor-element-99d7b79 elementor-widget__width-initial elementor-widget elementor-widget-text-editor\" data-id=\"99d7b79\" data-element_type=\"widget\" data-widget_type=\"text-editor.default\">\n\t\t\t\t<div class=\"elementor-widget-container\">\n\t\t\t<style>\/*! elementor - v3.16.0 - 20-09-2023 *\/\n.elementor-widget-text-editor.elementor-drop-cap-view-stacked .elementor-drop-cap{background-color:#69727d;color:#fff}.elementor-widget-text-editor.elementor-drop-cap-view-framed .elementor-drop-cap{color:#69727d;border:3px solid;background-color:transparent}.elementor-widget-text-editor:not(.elementor-drop-cap-view-default) .elementor-drop-cap{margin-top:8px}.elementor-widget-text-editor:not(.elementor-drop-cap-view-default) .elementor-drop-cap-letter{width:1em;height:1em}.elementor-widget-text-editor .elementor-drop-cap{float:left;text-align:center;line-height:1;font-size:50px}.elementor-widget-text-editor .elementor-drop-cap-letter{display:inline-block}<\/style>\t\t\t\t<p>Ticketing is now open for categories 1, 1 premium and 1 Sportsbar, and for the time being for the 1\/4, 1\/2 and finals.<\/p>\n<p>If you have any questions, a <a href=\"https:\/\/www.betclic-bordeaux-premierpadel.com\/en\/practical-info\/\">FAQ<\/a> section is available to answer them!<\/p>\n\t\t\t\t\t\t<\/div>\n\t\t\t\t<\/div>\n\t\t\t\t<div class=\"elementor-element elementor-element-a579056 elementor-widget elementor-widget-html\" data-id=\"a579056\" data-element_type=\"widget\" data-widget_type=\"html.default\">\n\t\t\t\t<div class=\"elementor-widget-container\">\n\t\t\t<a title=\"Online ticketing software\" href=\"https:\/\/widget.weezevent.com\/ticket\/c198ade3-824e-46d4-8682-bf76954c92c4?locale=fr-FR\" class=\"weezevent-widget-integration\" target=\"_blank\" data-src=\"https:\/\/widget.weezevent.com\/ticket\/c198ade3-824e-46d4-8682-bf76954c92c4?locale=fr-FR\" data-width=\"550\" data-height=\"650\" data-resize=\"1\" data-nopb=\"1\" data-type=\"neo\" data-width_auto=\"1\">Weezevent box office<\/a>\n<script type=\"text\/javascript\" src=\"https:\/\/widget.weezevent.com\/weez.js\" async=\"\" defer><\/script>\t\t<\/div>\n\t\t\t\t<\/div>\n\t\t\t\t\t<\/div>\n\t\t\t\t<\/div>\n\t\t\t\t\t<\/div>\n\t\t\t\t<\/div>\n\t\t\t\t\t\t\t<\/div>\n\t\t","protected":false},"excerpt":{"rendered":"<p>Tickets Ticketing is now open for categories 1, 1 premium and 1 Sportsbar, and for the time being for the 1\/4, 1\/2 and finals. If you have any questions, a FAQ section is available to answer them! Weezevent box office<\/p>\n","protected":false},"author":1,"featured_media":0,"parent":0,"menu_order":0,"comment_status":"closed","ping_status":"closed","template":"","meta":{"footnotes":""},"class_list":["post-3032","page","type-page","status-publish","hentry"],"acf":[],"yoast_head":"<!-- This site is optimized with the Yoast SEO plugin v21.2 - https:\/\/yoast.com\/wordpress\/plugins\/seo\/ -->\n<title>2026 Tickets | Betclic Bordeaux Premier Padel<\/title>\n<meta name=\"description\" content=\"Book your tickets for the Betclic Bordeaux Premier Padel 2026 and join the padel elite in an exceptional atmosphere in Bordeaux.\" \/>\n<meta name=\"robots\" content=\"index, follow, max-snippet:-1, max-image-preview:large, max-video-preview:-1\" \/>\n<link rel=\"canonical\" href=\"https:\/\/www.betclic-bordeaux-premierpadel.com\/en\/tickets\/\" \/>\n<meta property=\"og:locale\" content=\"en_GB\" \/>\n<meta property=\"og:type\" content=\"article\" \/>\n<meta property=\"og:title\" content=\"2026 Tickets | Betclic Bordeaux Premier Padel\" \/>\n<meta property=\"og:description\" content=\"Book your tickets for the Betclic Bordeaux Premier Padel 2026 and join the padel elite in an exceptional atmosphere in Bordeaux.\" \/>\n<meta property=\"og:url\" content=\"https:\/\/www.betclic-bordeaux-premierpadel.com\/en\/tickets\/\" \/>\n<meta property=\"og:site_name\" content=\"BORDEAUX PREMIER PADEL\" \/>\n<meta property=\"article:publisher\" content=\"https:\/\/www.facebook.com\/bordeauxpremierpadel\/\" \/>\n<meta property=\"article:modified_time\" content=\"2026-01-22T12:57:46+00:00\" \/>\n<meta property=\"og:image\" content=\"https:\/\/www.betclic-bordeaux-premierpadel.com\/wp-content\/uploads\/2025\/12\/BXPP_ILLUS_GRADINS-224-2-1024x683.jpg\" \/>\n<meta name=\"twitter:card\" content=\"summary_large_image\" \/>\n<meta name=\"twitter:label1\" content=\"Estimated reading time\" \/>\n\t<meta name=\"twitter:data1\" content=\"1 minute\" \/>\n<script type=\"application\/ld+json\" class=\"yoast-schema-graph\">{\"@context\":\"https:\/\/schema.org\",\"@graph\":[{\"@type\":\"WebPage\",\"@id\":\"https:\/\/www.betclic-bordeaux-premierpadel.com\/en\/tickets\/\",\"url\":\"https:\/\/www.betclic-bordeaux-premierpadel.com\/en\/tickets\/\",\"name\":\"2026 Tickets | Betclic Bordeaux Premier Padel\",\"isPartOf\":{\"@id\":\"https:\/\/www.betclic-bordeaux-premierpadel.com\/en\/#website\"},\"datePublished\":\"2024-12-06T10:45:44+00:00\",\"dateModified\":\"2026-01-22T12:57:46+00:00\",\"description\":\"Book your tickets for the Betclic Bordeaux Premier Padel 2026 and join the padel elite in an exceptional atmosphere in Bordeaux.\",\"breadcrumb\":{\"@id\":\"https:\/\/www.betclic-bordeaux-premierpadel.com\/en\/tickets\/#breadcrumb\"},\"inLanguage\":\"en-GB\",\"potentialAction\":[{\"@type\":\"ReadAction\",\"target\":[\"https:\/\/www.betclic-bordeaux-premierpadel.com\/en\/tickets\/\"]}]},{\"@type\":\"BreadcrumbList\",\"@id\":\"https:\/\/www.betclic-bordeaux-premierpadel.com\/en\/tickets\/#breadcrumb\",\"itemListElement\":[{\"@type\":\"ListItem\",\"position\":1,\"name\":\"Accueil\",\"item\":\"https:\/\/www.betclic-bordeaux-premierpadel.com\/en\/\"},{\"@type\":\"ListItem\",\"position\":2,\"name\":\"Tickets\"}]},{\"@type\":\"WebSite\",\"@id\":\"https:\/\/www.betclic-bordeaux-premierpadel.com\/en\/#website\",\"url\":\"https:\/\/www.betclic-bordeaux-premierpadel.com\/en\/\",\"name\":\"Betclic Bordeaux Premier Padel\",\"description\":\"Une comp\u00e9tition d&#039;exception ! Premi\u00e8re \u00e9dition \u00e0 Bordeaux du 10 au 16 JUIN 2024\",\"publisher\":{\"@id\":\"https:\/\/www.betclic-bordeaux-premierpadel.com\/en\/#organization\"},\"potentialAction\":[{\"@type\":\"SearchAction\",\"target\":{\"@type\":\"EntryPoint\",\"urlTemplate\":\"https:\/\/www.betclic-bordeaux-premierpadel.com\/en\/?s={search_term_string}\"},\"query-input\":\"required name=search_term_string\"}],\"inLanguage\":\"en-GB\"},{\"@type\":\"Organization\",\"@id\":\"https:\/\/www.betclic-bordeaux-premierpadel.com\/en\/#organization\",\"name\":\"Betclic Bordeaux Premier Padel\",\"url\":\"https:\/\/www.betclic-bordeaux-premierpadel.com\/en\/\",\"logo\":{\"@type\":\"ImageObject\",\"inLanguage\":\"en-GB\",\"@id\":\"https:\/\/www.betclic-bordeaux-premierpadel.com\/en\/#\/schema\/logo\/image\/\",\"url\":\"https:\/\/www.betclic-bordeaux-premierpadel.com\/wp-content\/uploads\/2023\/12\/410293210_122124570170065325_6712053541632223723_n.jpg\",\"contentUrl\":\"https:\/\/www.betclic-bordeaux-premierpadel.com\/wp-content\/uploads\/2023\/12\/410293210_122124570170065325_6712053541632223723_n.jpg\",\"width\":1201,\"height\":1201,\"caption\":\"Betclic Bordeaux Premier Padel\"},\"image\":{\"@id\":\"https:\/\/www.betclic-bordeaux-premierpadel.com\/en\/#\/schema\/logo\/image\/\"},\"sameAs\":[\"https:\/\/www.facebook.com\/bordeauxpremierpadel\/\",\"https:\/\/www.instagram.com\/bordeauxpremierpadel\/\"]}]}<\/script>\n<!-- \/ Yoast SEO plugin. -->","yoast_head_json":{"title":"2026 Tickets | Betclic Bordeaux Premier Padel","description":"Book your tickets for the Betclic Bordeaux Premier Padel 2026 and join the padel elite in an exceptional atmosphere in Bordeaux.","robots":{"index":"index","follow":"follow","max-snippet":"max-snippet:-1","max-image-preview":"max-image-preview:large","max-video-preview":"max-video-preview:-1"},"canonical":"https:\/\/www.betclic-bordeaux-premierpadel.com\/en\/tickets\/","og_locale":"en_GB","og_type":"article","og_title":"2026 Tickets | Betclic Bordeaux Premier Padel","og_description":"Book your tickets for the Betclic Bordeaux Premier Padel 2026 and join the padel elite in an exceptional atmosphere in Bordeaux.","og_url":"https:\/\/www.betclic-bordeaux-premierpadel.com\/en\/tickets\/","og_site_name":"BORDEAUX PREMIER PADEL","article_publisher":"https:\/\/www.facebook.com\/bordeauxpremierpadel\/","article_modified_time":"2026-01-22T12:57:46+00:00","og_image":[{"url":"https:\/\/www.betclic-bordeaux-premierpadel.com\/wp-content\/uploads\/2025\/12\/BXPP_ILLUS_GRADINS-224-2-1024x683.jpg"}],"twitter_card":"summary_large_image","twitter_misc":{"Estimated reading time":"1 minute"},"schema":{"@context":"https:\/\/schema.org","@graph":[{"@type":"WebPage","@id":"https:\/\/www.betclic-bordeaux-premierpadel.com\/en\/tickets\/","url":"https:\/\/www.betclic-bordeaux-premierpadel.com\/en\/tickets\/","name":"2026 Tickets | Betclic Bordeaux Premier Padel","isPartOf":{"@id":"https:\/\/www.betclic-bordeaux-premierpadel.com\/en\/#website"},"datePublished":"2024-12-06T10:45:44+00:00","dateModified":"2026-01-22T12:57:46+00:00","description":"Book your tickets for the Betclic Bordeaux Premier Padel 2026 and join the padel elite in an exceptional atmosphere in Bordeaux.","breadcrumb":{"@id":"https:\/\/www.betclic-bordeaux-premierpadel.com\/en\/tickets\/#breadcrumb"},"inLanguage":"en-GB","potentialAction":[{"@type":"ReadAction","target":["https:\/\/www.betclic-bordeaux-premierpadel.com\/en\/tickets\/"]}]},{"@type":"BreadcrumbList","@id":"https:\/\/www.betclic-bordeaux-premierpadel.com\/en\/tickets\/#breadcrumb","itemListElement":[{"@type":"ListItem","position":1,"name":"Accueil","item":"https:\/\/www.betclic-bordeaux-premierpadel.com\/en\/"},{"@type":"ListItem","position":2,"name":"Tickets"}]},{"@type":"WebSite","@id":"https:\/\/www.betclic-bordeaux-premierpadel.com\/en\/#website","url":"https:\/\/www.betclic-bordeaux-premierpadel.com\/en\/","name":"Betclic Bordeaux Premier Padel","description":"Une comp\u00e9tition d&#039;exception ! Premi\u00e8re \u00e9dition \u00e0 Bordeaux du 10 au 16 JUIN 2024","publisher":{"@id":"https:\/\/www.betclic-bordeaux-premierpadel.com\/en\/#organization"},"potentialAction":[{"@type":"SearchAction","target":{"@type":"EntryPoint","urlTemplate":"https:\/\/www.betclic-bordeaux-premierpadel.com\/en\/?s={search_term_string}"},"query-input":"required name=search_term_string"}],"inLanguage":"en-GB"},{"@type":"Organization","@id":"https:\/\/www.betclic-bordeaux-premierpadel.com\/en\/#organization","name":"Betclic Bordeaux Premier Padel","url":"https:\/\/www.betclic-bordeaux-premierpadel.com\/en\/","logo":{"@type":"ImageObject","inLanguage":"en-GB","@id":"https:\/\/www.betclic-bordeaux-premierpadel.com\/en\/#\/schema\/logo\/image\/","url":"https:\/\/www.betclic-bordeaux-premierpadel.com\/wp-content\/uploads\/2023\/12\/410293210_122124570170065325_6712053541632223723_n.jpg","contentUrl":"https:\/\/www.betclic-bordeaux-premierpadel.com\/wp-content\/uploads\/2023\/12\/410293210_122124570170065325_6712053541632223723_n.jpg","width":1201,"height":1201,"caption":"Betclic Bordeaux Premier Padel"},"image":{"@id":"https:\/\/www.betclic-bordeaux-premierpadel.com\/en\/#\/schema\/logo\/image\/"},"sameAs":["https:\/\/www.facebook.com\/bordeauxpremierpadel\/","https:\/\/www.instagram.com\/bordeauxpremierpadel\/"]}]}},"_links":{"self":[{"href":"https:\/\/www.betclic-bordeaux-premierpadel.com\/en\/wp-json\/wp\/v2\/pages\/3032","targetHints":{"allow":["GET"]}}],"collection":[{"href":"https:\/\/www.betclic-bordeaux-premierpadel.com\/en\/wp-json\/wp\/v2\/pages"}],"about":[{"href":"https:\/\/www.betclic-bordeaux-premierpadel.com\/en\/wp-json\/wp\/v2\/types\/page"}],"author":[{"embeddable":true,"href":"https:\/\/www.betclic-bordeaux-premierpadel.com\/en\/wp-json\/wp\/v2\/users\/1"}],"replies":[{"embeddable":true,"href":"https:\/\/www.betclic-bordeaux-premierpadel.com\/en\/wp-json\/wp\/v2\/comments?post=3032"}],"version-history":[{"count":21,"href":"https:\/\/www.betclic-bordeaux-premierpadel.com\/en\/wp-json\/wp\/v2\/pages\/3032\/revisions"}],"predecessor-version":[{"id":4339,"href":"https:\/\/www.betclic-bordeaux-premierpadel.com\/en\/wp-json\/wp\/v2\/pages\/3032\/revisions\/4339"}],"wp:attachment":[{"href":"https:\/\/www.betclic-bordeaux-premierpadel.com\/en\/wp-json\/wp\/v2\/media?parent=3032"}],"curies":[{"name":"wp","href":"https:\/\/api.w.org\/{rel}","templated":true}]}}