{"id":4740,"date":"2026-05-04T12:32:37","date_gmt":"2026-05-04T12:32:37","guid":{"rendered":"https:\/\/www.betclic-bordeaux-premierpadel.com\/volunteers\/"},"modified":"2026-05-04T12:42:53","modified_gmt":"2026-05-04T12:42:53","slug":"volunteers","status":"publish","type":"page","link":"https:\/\/www.betclic-bordeaux-premierpadel.com\/en\/volunteers\/","title":{"rendered":"Volunteers"},"content":{"rendered":"\t\t<div data-elementor-type=\"wp-page\" data-elementor-id=\"4740\" class=\"elementor elementor-4740 elementor-4729\">\n\t\t\t\t\t\t\t<div class=\"elementor-element elementor-element-39a8bd9 e-con-full e-flex e-con e-parent\" data-id=\"39a8bd9\" data-element_type=\"container\" data-settings=\"{&quot;content_width&quot;:&quot;full&quot;}\" data-core-v316-plus=\"true\">\n\t\t<div class=\"elementor-element elementor-element-d7bb4b9 e-con-full e-flex e-con e-child\" data-id=\"d7bb4b9\" data-element_type=\"container\" data-settings=\"{&quot;content_width&quot;:&quot;full&quot;,&quot;background_background&quot;:&quot;classic&quot;}\">\n\t\t\t\t<div class=\"elementor-element elementor-element-37bb0f2 elementor-invisible elementor-widget elementor-widget-heading\" data-id=\"37bb0f2\" data-element_type=\"widget\" data-settings=\"{&quot;_animation&quot;:&quot;fadeIn&quot;}\" data-widget_type=\"heading.default\">\n\t\t\t\t<div class=\"elementor-widget-container\">\n\t\t\t<style>\/*! elementor - v3.16.0 - 20-09-2023 *\/\n.elementor-heading-title{padding:0;margin:0;line-height:1}.elementor-widget-heading .elementor-heading-title[class*=elementor-size-]>a{color:inherit;font-size:inherit;line-height:inherit}.elementor-widget-heading .elementor-heading-title.elementor-size-small{font-size:15px}.elementor-widget-heading .elementor-heading-title.elementor-size-medium{font-size:19px}.elementor-widget-heading .elementor-heading-title.elementor-size-large{font-size:29px}.elementor-widget-heading .elementor-heading-title.elementor-size-xl{font-size:39px}.elementor-widget-heading .elementor-heading-title.elementor-size-xxl{font-size:59px}<\/style><h1 class=\"elementor-heading-title elementor-size-default\">VOLUNTEERS<\/h1>\t\t<\/div>\n\t\t\t\t<\/div>\n\t\t\t\t<\/div>\n\t\t\t\t<\/div>\n\t\t<div class=\"elementor-element elementor-element-5168eec e-con-full e-flex e-con e-parent\" data-id=\"5168eec\" data-element_type=\"container\" data-settings=\"{&quot;content_width&quot;:&quot;full&quot;}\" data-core-v316-plus=\"true\">\n\t\t\t\t<div class=\"elementor-element elementor-element-4ed193f elementor-absolute e-transform elementor-widget elementor-widget-image\" data-id=\"4ed193f\" data-element_type=\"widget\" data-settings=\"{&quot;_position&quot;:&quot;absolute&quot;,&quot;motion_fx_motion_fx_scrolling&quot;:&quot;yes&quot;,&quot;motion_fx_translateY_effect&quot;:&quot;yes&quot;,&quot;motion_fx_translateY_speed&quot;:{&quot;unit&quot;:&quot;px&quot;,&quot;size&quot;:2,&quot;sizes&quot;:[]},&quot;_transform_flipX_effect&quot;:&quot;transform&quot;,&quot;motion_fx_translateY_affectedRange&quot;:{&quot;unit&quot;:&quot;%&quot;,&quot;size&quot;:&quot;&quot;,&quot;sizes&quot;:{&quot;start&quot;:0,&quot;end&quot;:100}},&quot;motion_fx_devices&quot;:[&quot;desktop&quot;,&quot;tablet&quot;,&quot;mobile&quot;]}\" data-widget_type=\"image.default\">\n\t\t\t\t<div class=\"elementor-widget-container\">\n\t\t\t<style>\/*! elementor - v3.16.0 - 20-09-2023 *\/\n.elementor-widget-image{text-align:center}.elementor-widget-image a{display:inline-block}.elementor-widget-image a img[src$=\".svg\"]{width:48px}.elementor-widget-image img{vertical-align:middle;display:inline-block}<\/style>\t\t\t\t\t\t\t\t\t\t\t\t<img loading=\"lazy\" decoding=\"async\" width=\"800\" height=\"778\" src=\"https:\/\/www.betclic-bordeaux-premierpadel.com\/wp-content\/uploads\/2023\/09\/lune-gold.png\" class=\"attachment-large size-large wp-image-10\" alt=\"Betclic soutient le Premier Padel \u00e0 Ark\u00e9a Ar\u00e9na : comp\u00e9tition sportive de padel \u00e0 Bordeaux, tournoi de renomm\u00e9e\" \/>\t\t\t\t\t\t\t\t\t\t\t\t\t\t\t<\/div>\n\t\t\t\t<\/div>\n\t\t\t\t<div class=\"elementor-element elementor-element-2be9e17 elementor-invisible elementor-widget elementor-widget-heading\" data-id=\"2be9e17\" data-element_type=\"widget\" data-settings=\"{&quot;_animation&quot;:&quot;fadeIn&quot;}\" data-widget_type=\"heading.default\">\n\t\t\t\t<div class=\"elementor-widget-container\">\n\t\t\t<h2 class=\"elementor-heading-title elementor-size-default\">registration<\/h2>\t\t<\/div>\n\t\t\t\t<\/div>\n\t\t\t\t<div class=\"elementor-element elementor-element-38b7b0f elementor-widget__width-initial elementor-widget elementor-widget-text-editor\" data-id=\"38b7b0f\" data-element_type=\"widget\" data-widget_type=\"text-editor.default\">\n\t\t\t\t<div class=\"elementor-widget-container\">\n\t\t\t<style>\/*! elementor - v3.16.0 - 20-09-2023 *\/\n.elementor-widget-text-editor.elementor-drop-cap-view-stacked .elementor-drop-cap{background-color:#69727d;color:#fff}.elementor-widget-text-editor.elementor-drop-cap-view-framed .elementor-drop-cap{color:#69727d;border:3px solid;background-color:transparent}.elementor-widget-text-editor:not(.elementor-drop-cap-view-default) .elementor-drop-cap{margin-top:8px}.elementor-widget-text-editor:not(.elementor-drop-cap-view-default) .elementor-drop-cap-letter{width:1em;height:1em}.elementor-widget-text-editor .elementor-drop-cap{float:left;text-align:center;line-height:1;font-size:50px}.elementor-widget-text-editor .elementor-drop-cap-letter{display:inline-block}<\/style>\t\t\t\t<script async=\"\" defer src=\"https:\/\/widget.weezevent.com\/weez.js\" type=\"text\/javascript\"><\/script><a class=\"weezevent-widget-integration grootlink\" data-iframe-background=\"transparent\" data-type=\"groot\" href=\"https:\/\/widget.weezevent.com\/crew\/organization\/2658\/event\/5949\/form\/10385\">WeezCrew<\/a>\n\t\t\t\t\t\t<\/div>\n\t\t\t\t<\/div>\n\t\t\t\t<\/div>\n\t\t<div class=\"elementor-element elementor-element-7a07fa0 e-con-full e-flex e-con e-parent\" data-id=\"7a07fa0\" data-element_type=\"container\" data-settings=\"{&quot;content_width&quot;:&quot;full&quot;}\" data-core-v316-plus=\"true\">\n\t\t<div class=\"elementor-element elementor-element-cf19ae3 e-con-full content-accordion  e-flex e-con e-child\" data-id=\"cf19ae3\" data-element_type=\"container\" data-settings=\"{&quot;content_width&quot;:&quot;full&quot;}\">\n\t\t<div class=\"elementor-element elementor-element-630ff61 e-con-full e-flex e-con e-child\" data-id=\"630ff61\" data-element_type=\"container\" data-settings=\"{&quot;content_width&quot;:&quot;full&quot;,&quot;background_background&quot;:&quot;classic&quot;}\">\n\t\t<div class=\"elementor-element elementor-element-744cc9b e-con-full e-flex e-con e-child\" data-id=\"744cc9b\" data-element_type=\"container\" data-settings=\"{&quot;content_width&quot;:&quot;full&quot;}\">\n\t\t\t\t<div class=\"elementor-element elementor-element-4f53148 elementor-widget elementor-widget-text-editor\" data-id=\"4f53148\" data-element_type=\"widget\" data-widget_type=\"text-editor.default\">\n\t\t\t\t<div class=\"elementor-widget-container\">\n\t\t\t\t\t\t\t<p>The service<\/p>\n\t\t\t\t\t\t<\/div>\n\t\t\t\t<\/div>\n\t\t\t\t<div class=\"elementor-element elementor-element-08a24be elementor-widget elementor-widget-text-editor\" data-id=\"08a24be\" data-element_type=\"widget\" data-widget_type=\"text-editor.default\">\n\t\t\t\t<div class=\"elementor-widget-container\">\n\t\t\t\t\t\t\t<p>In Padel, the ball is put into play with a<strong> spoon<\/strong> on two attempts (first ball and second ball). The server must bounce the ball <strong>behind the service line<\/strong> before hitting below the belt. He is always behind the service line when he puts the ball into play.<\/p>\n<p>Its aim is to bounce the ball into the <strong>service box on the diagonal<\/strong>. After crossing the net, a ball that first touches a surface other than the ground is <strong>considered a foul<\/strong>. If it bounces back into the court and touches the fence before crossing the service line (on the receiver&#8217;s side), it is also a <strong>fault<\/strong>. If the ball hits the net and bounces back into the square, it is let. If she touches the fence before the second bounce, she is <strong>fouled<\/strong>.<\/p>\n\t\t\t\t\t\t<\/div>\n\t\t\t\t<\/div>\n\t\t\t\t<\/div>\n\t\t<div class=\"elementor-element elementor-element-e6c2cff e-con-full e-flex e-con e-child\" data-id=\"e6c2cff\" data-element_type=\"container\" data-settings=\"{&quot;content_width&quot;:&quot;full&quot;,&quot;background_background&quot;:&quot;classic&quot;}\">\n\t\t\t\t<\/div>\n\t\t\t\t<\/div>\n\t\t<div class=\"elementor-element elementor-element-76d8ef4 e-con-full e-flex e-con e-child\" data-id=\"76d8ef4\" data-element_type=\"container\" data-settings=\"{&quot;content_width&quot;:&quot;full&quot;,&quot;background_background&quot;:&quot;classic&quot;}\">\n\t\t<div class=\"elementor-element elementor-element-796f2c2 e-con-full e-flex e-con e-child\" data-id=\"796f2c2\" data-element_type=\"container\" data-settings=\"{&quot;content_width&quot;:&quot;full&quot;}\">\n\t\t\t\t<div class=\"elementor-element elementor-element-c09fe69 elementor-widget elementor-widget-text-editor\" data-id=\"c09fe69\" data-element_type=\"widget\" data-widget_type=\"text-editor.default\">\n\t\t\t\t<div class=\"elementor-widget-container\">\n\t\t\t\t\t\t\t<p>Player positions<\/p>\n\t\t\t\t\t\t<\/div>\n\t\t\t\t<\/div>\n\t\t\t\t<div class=\"elementor-element elementor-element-b537372 elementor-widget elementor-widget-text-editor\" data-id=\"b537372\" data-element_type=\"widget\" data-widget_type=\"text-editor.default\">\n\t\t\t\t<div class=\"elementor-widget-container\">\n\t\t\t\t\t\t\t<p>The server must be <strong>behind the baseline<\/strong>, to the left or right of the centre line, depending on the score.<\/p>\n<p>The receiver can position himself anywhere on the court, as long as he is <strong>in the server&#8217;s diagonal<\/strong>. Partners can position themselves anywhere in their camp.<\/p>\n\t\t\t\t\t\t<\/div>\n\t\t\t\t<\/div>\n\t\t\t\t<\/div>\n\t\t<div class=\"elementor-element elementor-element-dbddfb3 e-con-full e-flex e-con e-child\" data-id=\"dbddfb3\" data-element_type=\"container\" data-settings=\"{&quot;content_width&quot;:&quot;full&quot;,&quot;background_background&quot;:&quot;classic&quot;}\">\n\t\t\t\t<\/div>\n\t\t\t\t<\/div>\n\t\t<div class=\"elementor-element elementor-element-1e7787f e-con-full e-flex e-con e-child\" data-id=\"1e7787f\" data-element_type=\"container\" data-settings=\"{&quot;content_width&quot;:&quot;full&quot;,&quot;background_background&quot;:&quot;classic&quot;}\">\n\t\t<div class=\"elementor-element elementor-element-176e66d e-con-full e-flex e-con e-child\" data-id=\"176e66d\" data-element_type=\"container\" data-settings=\"{&quot;content_width&quot;:&quot;full&quot;}\">\n\t\t\t\t<div class=\"elementor-element elementor-element-a4df194 elementor-widget elementor-widget-text-editor\" data-id=\"a4df194\" data-element_type=\"widget\" data-widget_type=\"text-editor.default\">\n\t\t\t\t<div class=\"elementor-widget-container\">\n\t\t\t\t\t\t\t<p>Exchanges and rebounds<\/p>\n\t\t\t\t\t\t<\/div>\n\t\t\t\t<\/div>\n\t\t\t\t<div class=\"elementor-element elementor-element-3ff31c8 elementor-widget elementor-widget-text-editor\" data-id=\"3ff31c8\" data-element_type=\"widget\" data-widget_type=\"text-editor.default\">\n\t\t\t\t<div class=\"elementor-widget-container\">\n\t\t\t\t\t\t\t<p>A ball may be <strong>volleyed,<\/strong> with the exception of the serve and return of serve. It can <strong>only bounce once on the floor<\/strong> during an exchange, but it can be in contact with any other surface.  The door handle, fences and walls are an <strong>integral part<\/strong> of the property. The second rebound on the ground results in the <strong>loss of the point<\/strong>.<\/p>\n<\/p>\n<p>If the ball has not bounced a second time on the ground, it may be retaken off the track. If the ball returns &#8211; after rebounding into the opponent&#8217;s court &#8211; without having been touched by an opponent, <strong>the point is won<\/strong>.<\/p>\n<\/p>\n<p>When a ball crosses the net, it must <strong>touch the ground of the opposing team<\/strong> before hitting a wall. Players can hit the ball after it bounces off a wall to send it back into the opponent&#8217;s half. Of course, as in tennis, the player hitting the <strong>ball<\/strong> is only allowed <strong>one touch<\/strong>.<\/p>\n\t\t\t\t\t\t<\/div>\n\t\t\t\t<\/div>\n\t\t\t\t<\/div>\n\t\t<div class=\"elementor-element elementor-element-e0ecac7 e-con-full e-flex e-con e-child\" data-id=\"e0ecac7\" data-element_type=\"container\" data-settings=\"{&quot;content_width&quot;:&quot;full&quot;,&quot;background_background&quot;:&quot;classic&quot;}\">\n\t\t\t\t<\/div>\n\t\t\t\t<\/div>\n\t\t<div class=\"elementor-element elementor-element-1c0fa18 e-con-full e-flex e-con e-child\" data-id=\"1c0fa18\" data-element_type=\"container\" data-settings=\"{&quot;content_width&quot;:&quot;full&quot;,&quot;background_background&quot;:&quot;classic&quot;}\">\n\t\t<div class=\"elementor-element elementor-element-8490c30 e-con-full e-flex e-con e-child\" data-id=\"8490c30\" data-element_type=\"container\" data-settings=\"{&quot;content_width&quot;:&quot;full&quot;}\">\n\t\t\t\t<div class=\"elementor-element elementor-element-b11de17 elementor-widget elementor-widget-text-editor\" data-id=\"b11de17\" data-element_type=\"widget\" data-widget_type=\"text-editor.default\">\n\t\t\t\t<div class=\"elementor-widget-container\">\n\t\t\t\t\t\t\t<p>Points<\/p>\n\t\t\t\t\t\t<\/div>\n\t\t\t\t<\/div>\n\t\t\t\t<div class=\"elementor-element elementor-element-8f8cb43 elementor-widget elementor-widget-text-editor\" data-id=\"8f8cb43\" data-element_type=\"widget\" data-widget_type=\"text-editor.default\">\n\t\t\t\t<div class=\"elementor-widget-container\">\n\t\t\t\t\t\t\t<p>As in tennis, points are counted <strong>from 15 to 40<\/strong>. The advantage rule applies in tied games. Matches are played to the best of <strong>three sets<\/strong> (a pair must win two sets to win the match), with a tie-break at six-all in the third set.  <\/p>\n<p><strong> Six games<\/strong> are required<strong> to win<\/strong> a set, and if both teams reach 6-6, a tie-break is played. The first duo to score seven points with a two-point margin wins the set. In the event of a tie at 6-6 or 7-6, the tie-break continues until one team takes a two-point lead.<\/p>\n\t\t\t\t\t\t<\/div>\n\t\t\t\t<\/div>\n\t\t\t\t<\/div>\n\t\t<div class=\"elementor-element elementor-element-a5f745a e-con-full e-flex e-con e-child\" data-id=\"a5f745a\" data-element_type=\"container\" data-settings=\"{&quot;content_width&quot;:&quot;full&quot;,&quot;background_background&quot;:&quot;classic&quot;}\">\n\t\t\t\t<\/div>\n\t\t\t\t<\/div>\n\t\t<div class=\"elementor-element elementor-element-45b8005 e-con-full elementor-hidden-desktop elementor-hidden-tablet elementor-hidden-mobile e-flex e-con e-child\" data-id=\"45b8005\" data-element_type=\"container\" data-settings=\"{&quot;content_width&quot;:&quot;full&quot;}\">\n\t\t\t\t<div class=\"elementor-element elementor-element-3f0d786 elementor-widget elementor-widget-text-editor\" data-id=\"3f0d786\" data-element_type=\"widget\" data-widget_type=\"text-editor.default\">\n\t\t\t\t<div class=\"elementor-widget-container\">\n\t\t\t\t\t\t\t<p>Find out more about all the rules of Padel :<\/p>\n\t\t\t\t\t\t<\/div>\n\t\t\t\t<\/div>\n\t\t\t\t<div class=\"elementor-element elementor-element-c6978c7 elementor-widget elementor-widget-button\" data-id=\"c6978c7\" data-element_type=\"widget\" data-widget_type=\"button.default\">\n\t\t\t\t<div class=\"elementor-widget-container\">\n\t\t\t\t\t<div class=\"elementor-button-wrapper\">\n\t\t\t<a class=\"elementor-button elementor-button-link elementor-size-sm\" href=\"#\">\n\t\t\t\t\t\t<span class=\"elementor-button-content-wrapper\">\n\t\t\t\t\t\t<span class=\"elementor-button-text\">PADEL RULES<\/span>\n\t\t<\/span>\n\t\t\t\t\t<\/a>\n\t\t<\/div>\n\t\t\t\t<\/div>\n\t\t\t\t<\/div>\n\t\t\t\t<\/div>\n\t\t\t\t<\/div>\n\t\t\t\t<\/div>\n\t\t\t\t\t\t\t<\/div>\n\t\t","protected":false},"excerpt":{"rendered":"<p>VOLUNTEERS registration WeezCrew The service In Padel, the ball is put into play with a spoon on two attempts (first ball and second ball). The server must bounce the ball behind the service line before hitting below the belt. He is always behind the service line when he puts the ball into play. Its aim [&hellip;]<\/p>\n","protected":false},"author":1,"featured_media":0,"parent":0,"menu_order":0,"comment_status":"closed","ping_status":"closed","template":"","meta":{"footnotes":""},"class_list":["post-4740","page","type-page","status-publish","hentry"],"acf":[],"yoast_head":"<!-- This site is optimized with the Yoast SEO plugin v21.2 - https:\/\/yoast.com\/wordpress\/plugins\/seo\/ -->\n<title>Volunteers | BORDEAUX PREMIER PADEL<\/title>\n<meta name=\"robots\" content=\"index, follow, max-snippet:-1, max-image-preview:large, max-video-preview:-1\" \/>\n<link rel=\"canonical\" href=\"https:\/\/www.betclic-bordeaux-premierpadel.com\/en\/volunteers\/\" \/>\n<meta property=\"og:locale\" content=\"en_GB\" \/>\n<meta property=\"og:type\" content=\"article\" \/>\n<meta property=\"og:title\" content=\"Volunteers | BORDEAUX PREMIER PADEL\" \/>\n<meta property=\"og:description\" content=\"VOLUNTEERS registration WeezCrew The service In Padel, the ball is put into play with a spoon on two attempts (first ball and second ball). The server must bounce the ball behind the service line before hitting below the belt. He is always behind the service line when he puts the ball into play. Its aim [&hellip;]\" \/>\n<meta property=\"og:url\" content=\"https:\/\/www.betclic-bordeaux-premierpadel.com\/en\/volunteers\/\" \/>\n<meta property=\"og:site_name\" content=\"BORDEAUX PREMIER PADEL\" \/>\n<meta property=\"article:publisher\" content=\"https:\/\/www.facebook.com\/bordeauxpremierpadel\/\" \/>\n<meta property=\"article:modified_time\" content=\"2026-05-04T12:42:53+00:00\" \/>\n<meta property=\"og:image\" content=\"https:\/\/www.betclic-bordeaux-premierpadel.com\/wp-content\/uploads\/2023\/09\/lune-gold.png\" \/>\n<meta name=\"twitter:card\" content=\"summary_large_image\" \/>\n<meta name=\"twitter:label1\" content=\"Estimated reading time\" \/>\n\t<meta name=\"twitter:data1\" content=\"2 minutes\" \/>\n<script type=\"application\/ld+json\" class=\"yoast-schema-graph\">{\"@context\":\"https:\/\/schema.org\",\"@graph\":[{\"@type\":\"WebPage\",\"@id\":\"https:\/\/www.betclic-bordeaux-premierpadel.com\/en\/volunteers\/\",\"url\":\"https:\/\/www.betclic-bordeaux-premierpadel.com\/en\/volunteers\/\",\"name\":\"Volunteers | BORDEAUX PREMIER PADEL\",\"isPartOf\":{\"@id\":\"https:\/\/www.betclic-bordeaux-premierpadel.com\/en\/#website\"},\"datePublished\":\"2026-05-04T12:32:37+00:00\",\"dateModified\":\"2026-05-04T12:42:53+00:00\",\"breadcrumb\":{\"@id\":\"https:\/\/www.betclic-bordeaux-premierpadel.com\/en\/volunteers\/#breadcrumb\"},\"inLanguage\":\"en-GB\",\"potentialAction\":[{\"@type\":\"ReadAction\",\"target\":[\"https:\/\/www.betclic-bordeaux-premierpadel.com\/en\/volunteers\/\"]}]},{\"@type\":\"BreadcrumbList\",\"@id\":\"https:\/\/www.betclic-bordeaux-premierpadel.com\/en\/volunteers\/#breadcrumb\",\"itemListElement\":[{\"@type\":\"ListItem\",\"position\":1,\"name\":\"Accueil\",\"item\":\"https:\/\/www.betclic-bordeaux-premierpadel.com\/en\/\"},{\"@type\":\"ListItem\",\"position\":2,\"name\":\"Volunteers\"}]},{\"@type\":\"WebSite\",\"@id\":\"https:\/\/www.betclic-bordeaux-premierpadel.com\/en\/#website\",\"url\":\"https:\/\/www.betclic-bordeaux-premierpadel.com\/en\/\",\"name\":\"Betclic Bordeaux Premier Padel\",\"description\":\"Une comp\u00e9tition d&#039;exception ! Premi\u00e8re \u00e9dition \u00e0 Bordeaux du 10 au 16 JUIN 2024\",\"publisher\":{\"@id\":\"https:\/\/www.betclic-bordeaux-premierpadel.com\/en\/#organization\"},\"potentialAction\":[{\"@type\":\"SearchAction\",\"target\":{\"@type\":\"EntryPoint\",\"urlTemplate\":\"https:\/\/www.betclic-bordeaux-premierpadel.com\/en\/?s={search_term_string}\"},\"query-input\":\"required name=search_term_string\"}],\"inLanguage\":\"en-GB\"},{\"@type\":\"Organization\",\"@id\":\"https:\/\/www.betclic-bordeaux-premierpadel.com\/en\/#organization\",\"name\":\"Betclic Bordeaux Premier Padel\",\"url\":\"https:\/\/www.betclic-bordeaux-premierpadel.com\/en\/\",\"logo\":{\"@type\":\"ImageObject\",\"inLanguage\":\"en-GB\",\"@id\":\"https:\/\/www.betclic-bordeaux-premierpadel.com\/en\/#\/schema\/logo\/image\/\",\"url\":\"https:\/\/www.betclic-bordeaux-premierpadel.com\/wp-content\/uploads\/2023\/12\/410293210_122124570170065325_6712053541632223723_n.jpg\",\"contentUrl\":\"https:\/\/www.betclic-bordeaux-premierpadel.com\/wp-content\/uploads\/2023\/12\/410293210_122124570170065325_6712053541632223723_n.jpg\",\"width\":1201,\"height\":1201,\"caption\":\"Betclic Bordeaux Premier Padel\"},\"image\":{\"@id\":\"https:\/\/www.betclic-bordeaux-premierpadel.com\/en\/#\/schema\/logo\/image\/\"},\"sameAs\":[\"https:\/\/www.facebook.com\/bordeauxpremierpadel\/\",\"https:\/\/www.instagram.com\/bordeauxpremierpadel\/\"]}]}<\/script>\n<!-- \/ Yoast SEO plugin. -->","yoast_head_json":{"title":"Volunteers | BORDEAUX PREMIER PADEL","robots":{"index":"index","follow":"follow","max-snippet":"max-snippet:-1","max-image-preview":"max-image-preview:large","max-video-preview":"max-video-preview:-1"},"canonical":"https:\/\/www.betclic-bordeaux-premierpadel.com\/en\/volunteers\/","og_locale":"en_GB","og_type":"article","og_title":"Volunteers | BORDEAUX PREMIER PADEL","og_description":"VOLUNTEERS registration WeezCrew The service In Padel, the ball is put into play with a spoon on two attempts (first ball and second ball). The server must bounce the ball behind the service line before hitting below the belt. He is always behind the service line when he puts the ball into play. Its aim [&hellip;]","og_url":"https:\/\/www.betclic-bordeaux-premierpadel.com\/en\/volunteers\/","og_site_name":"BORDEAUX PREMIER PADEL","article_publisher":"https:\/\/www.facebook.com\/bordeauxpremierpadel\/","article_modified_time":"2026-05-04T12:42:53+00:00","og_image":[{"url":"https:\/\/www.betclic-bordeaux-premierpadel.com\/wp-content\/uploads\/2023\/09\/lune-gold.png"}],"twitter_card":"summary_large_image","twitter_misc":{"Estimated reading time":"2 minutes"},"schema":{"@context":"https:\/\/schema.org","@graph":[{"@type":"WebPage","@id":"https:\/\/www.betclic-bordeaux-premierpadel.com\/en\/volunteers\/","url":"https:\/\/www.betclic-bordeaux-premierpadel.com\/en\/volunteers\/","name":"Volunteers | BORDEAUX PREMIER PADEL","isPartOf":{"@id":"https:\/\/www.betclic-bordeaux-premierpadel.com\/en\/#website"},"datePublished":"2026-05-04T12:32:37+00:00","dateModified":"2026-05-04T12:42:53+00:00","breadcrumb":{"@id":"https:\/\/www.betclic-bordeaux-premierpadel.com\/en\/volunteers\/#breadcrumb"},"inLanguage":"en-GB","potentialAction":[{"@type":"ReadAction","target":["https:\/\/www.betclic-bordeaux-premierpadel.com\/en\/volunteers\/"]}]},{"@type":"BreadcrumbList","@id":"https:\/\/www.betclic-bordeaux-premierpadel.com\/en\/volunteers\/#breadcrumb","itemListElement":[{"@type":"ListItem","position":1,"name":"Accueil","item":"https:\/\/www.betclic-bordeaux-premierpadel.com\/en\/"},{"@type":"ListItem","position":2,"name":"Volunteers"}]},{"@type":"WebSite","@id":"https:\/\/www.betclic-bordeaux-premierpadel.com\/en\/#website","url":"https:\/\/www.betclic-bordeaux-premierpadel.com\/en\/","name":"Betclic Bordeaux Premier Padel","description":"Une comp\u00e9tition d&#039;exception ! Premi\u00e8re \u00e9dition \u00e0 Bordeaux du 10 au 16 JUIN 2024","publisher":{"@id":"https:\/\/www.betclic-bordeaux-premierpadel.com\/en\/#organization"},"potentialAction":[{"@type":"SearchAction","target":{"@type":"EntryPoint","urlTemplate":"https:\/\/www.betclic-bordeaux-premierpadel.com\/en\/?s={search_term_string}"},"query-input":"required name=search_term_string"}],"inLanguage":"en-GB"},{"@type":"Organization","@id":"https:\/\/www.betclic-bordeaux-premierpadel.com\/en\/#organization","name":"Betclic Bordeaux Premier Padel","url":"https:\/\/www.betclic-bordeaux-premierpadel.com\/en\/","logo":{"@type":"ImageObject","inLanguage":"en-GB","@id":"https:\/\/www.betclic-bordeaux-premierpadel.com\/en\/#\/schema\/logo\/image\/","url":"https:\/\/www.betclic-bordeaux-premierpadel.com\/wp-content\/uploads\/2023\/12\/410293210_122124570170065325_6712053541632223723_n.jpg","contentUrl":"https:\/\/www.betclic-bordeaux-premierpadel.com\/wp-content\/uploads\/2023\/12\/410293210_122124570170065325_6712053541632223723_n.jpg","width":1201,"height":1201,"caption":"Betclic Bordeaux Premier Padel"},"image":{"@id":"https:\/\/www.betclic-bordeaux-premierpadel.com\/en\/#\/schema\/logo\/image\/"},"sameAs":["https:\/\/www.facebook.com\/bordeauxpremierpadel\/","https:\/\/www.instagram.com\/bordeauxpremierpadel\/"]}]}},"_links":{"self":[{"href":"https:\/\/www.betclic-bordeaux-premierpadel.com\/en\/wp-json\/wp\/v2\/pages\/4740","targetHints":{"allow":["GET"]}}],"collection":[{"href":"https:\/\/www.betclic-bordeaux-premierpadel.com\/en\/wp-json\/wp\/v2\/pages"}],"about":[{"href":"https:\/\/www.betclic-bordeaux-premierpadel.com\/en\/wp-json\/wp\/v2\/types\/page"}],"author":[{"embeddable":true,"href":"https:\/\/www.betclic-bordeaux-premierpadel.com\/en\/wp-json\/wp\/v2\/users\/1"}],"replies":[{"embeddable":true,"href":"https:\/\/www.betclic-bordeaux-premierpadel.com\/en\/wp-json\/wp\/v2\/comments?post=4740"}],"version-history":[{"count":4,"href":"https:\/\/www.betclic-bordeaux-premierpadel.com\/en\/wp-json\/wp\/v2\/pages\/4740\/revisions"}],"predecessor-version":[{"id":4756,"href":"https:\/\/www.betclic-bordeaux-premierpadel.com\/en\/wp-json\/wp\/v2\/pages\/4740\/revisions\/4756"}],"wp:attachment":[{"href":"https:\/\/www.betclic-bordeaux-premierpadel.com\/en\/wp-json\/wp\/v2\/media?parent=4740"}],"curies":[{"name":"wp","href":"https:\/\/api.w.org\/{rel}","templated":true}]}}