{"id":1785,"date":"2023-09-26T13:08:14","date_gmt":"2023-09-26T13:08:14","guid":{"rendered":"https:\/\/www.betclic-bordeaux-premierpadel.com\/informacion-juridica\/"},"modified":"2023-12-21T13:19:14","modified_gmt":"2023-12-21T13:19:14","slug":"informacion-juridica","status":"publish","type":"page","link":"https:\/\/www.betclic-bordeaux-premierpadel.com\/es\/informacion-juridica\/","title":{"rendered":"Informaci\u00f3n jur\u00eddica"},"content":{"rendered":"\t\t<div data-elementor-type=\"wp-page\" data-elementor-id=\"1785\" class=\"elementor elementor-1785 elementor-265\">\n\t\t\t\t\t\t\t<div class=\"elementor-element elementor-element-d5b6a78 e-con-full e-flex e-con e-parent\" data-id=\"d5b6a78\" data-element_type=\"container\" data-settings=\"{&quot;content_width&quot;:&quot;full&quot;}\" data-core-v316-plus=\"true\">\n\t\t<div class=\"elementor-element elementor-element-4bcfaad e-con-full e-flex e-con e-child\" data-id=\"4bcfaad\" data-element_type=\"container\" data-settings=\"{&quot;content_width&quot;:&quot;full&quot;,&quot;background_background&quot;:&quot;classic&quot;}\">\n\t\t\t\t<div class=\"elementor-element elementor-element-6a84f9e elementor-widget elementor-widget-heading\" data-id=\"6a84f9e\" data-element_type=\"widget\" data-widget_type=\"heading.default\">\n\t\t\t\t<div class=\"elementor-widget-container\">\n\t\t\t<style>\/*! elementor - v3.16.0 - 20-09-2023 *\/\n.elementor-heading-title{padding:0;margin:0;line-height:1}.elementor-widget-heading .elementor-heading-title[class*=elementor-size-]>a{color:inherit;font-size:inherit;line-height:inherit}.elementor-widget-heading .elementor-heading-title.elementor-size-small{font-size:15px}.elementor-widget-heading .elementor-heading-title.elementor-size-medium{font-size:19px}.elementor-widget-heading .elementor-heading-title.elementor-size-large{font-size:29px}.elementor-widget-heading .elementor-heading-title.elementor-size-xl{font-size:39px}.elementor-widget-heading .elementor-heading-title.elementor-size-xxl{font-size:59px}<\/style><h2 class=\"elementor-heading-title elementor-size-default\">Informaci\u00f3n jur\u00eddica<\/h2>\t\t<\/div>\n\t\t\t\t<\/div>\n\t\t\t\t<\/div>\n\t\t\t\t<\/div>\n\t\t<div class=\"elementor-element elementor-element-187a2aa e-con-full e-flex e-con e-parent\" data-id=\"187a2aa\" data-element_type=\"container\" data-settings=\"{&quot;content_width&quot;:&quot;full&quot;}\" data-core-v316-plus=\"true\">\n\t\t\t\t<div class=\"elementor-element elementor-element-7e72bde rgpd elementor-widget elementor-widget-text-editor\" data-id=\"7e72bde\" data-element_type=\"widget\" data-widget_type=\"text-editor.default\">\n\t\t\t\t<div class=\"elementor-widget-container\">\n\t\t\t<style>\/*! elementor - v3.16.0 - 20-09-2023 *\/\n.elementor-widget-text-editor.elementor-drop-cap-view-stacked .elementor-drop-cap{background-color:#69727d;color:#fff}.elementor-widget-text-editor.elementor-drop-cap-view-framed .elementor-drop-cap{color:#69727d;border:3px solid;background-color:transparent}.elementor-widget-text-editor:not(.elementor-drop-cap-view-default) .elementor-drop-cap{margin-top:8px}.elementor-widget-text-editor:not(.elementor-drop-cap-view-default) .elementor-drop-cap-letter{width:1em;height:1em}.elementor-widget-text-editor .elementor-drop-cap{float:left;text-align:center;line-height:1;font-size:50px}.elementor-widget-text-editor .elementor-drop-cap-letter{display:inline-block}<\/style>\t\t\t\t<p>Este sitio web es propiedad de Premier Padel, BORDEAUX PADEL EVENT SAS con un capital de&nbsp;<span style=\"white-space: normal;\">\n  <span style=\"text-align: var(--text-align);\">10 000,00 \u20ac<\/span>\n<\/span><span style=\"color: var( --e-global-color-text ); font-family: var( --e-global-typography-primary-font-family ), Sans-serif; font-size: var( --e-global-typography-primary-font-size ); font-weight: var( --e-global-typography-primary-font-weight ); text-align: var(--text-align);\">&nbsp;&nbsp;<\/span><span style=\"text-align: var(--text-align);\">953 983 350 R.C.S. Bordeaux<\/span><span style=\"color: var( --e-global-color-text ); font-family: var( --e-global-typography-primary-font-family ), Sans-serif; font-size: var( --e-global-typography-primary-font-size ); font-weight: var( --e-global-typography-primary-font-weight ); text-align: var(--text-align);\">, cuya direcci\u00f3n es :<\/span><\/p>\n<ul>\n<li><strong>Domicilio social<\/strong><strong>\n  &nbsp;\n<\/strong>&nbsp; 4 PL JEAN MOULIN, 33000 BORDEAUX<\/li>\n<li><strong>Correo electr\u00f3nico<\/strong>: fabien@bordeauxpadelevents.com<\/li>\n<li><strong>N\u00famero de IVA intracomunitario<\/strong>:&nbsp;FR79953983350<br><br><\/li>\n<\/ul>\n<p>El proveedor de servicios responsable del alojamiento del sitio y del almacenamiento de la informaci\u00f3n es la agencia DEFINIMA<a href=\"http:\/\/www.definima.com\/\" target=\"_blank\" rel=\"noopener\">(www.definima.com)<\/a>.<br>El sitio web fue dise\u00f1ado por DEFINIMA<a href=\"http:\/\/www.definima.com\/\" target=\"_blank\" rel=\"noopener\">(www.definima.com)<\/a>.<\/p>\n<h2>Contenido del sitio<\/h2>\n<p>BORDEAUX PADEL EVENT&nbsp;garantiza las caracter\u00edsticas esenciales de los productos. BORDEAUX PADEL EVENT no se hace responsable del uso o la interpretaci\u00f3n de la informaci\u00f3n contenida en este sitio.<br>BORDEAUX PADEL EVENT&nbsp;no podr\u00e1 ser considerada responsable de los virus que puedan infectar al ordenador o a cualquier otro equipo inform\u00e1tico del internauta como consecuencia de la utilizaci\u00f3n, el acceso o la descarga de este sitio.<br>BORDEAUX PADEL EVENT se reserva el derecho de modificar en cualquier momento el contenido de sus ofertas comerciales, entendi\u00e9ndose que se respetar\u00e1 cualquier pedido realizado antes de la modificaci\u00f3n de la oferta.<\/p>\n<h2>Derechos de autor y propiedad intelectual<\/h2>\n<p>Este sitio web es propiedad de&nbsp;BORDEAUX PADEL EVENT&nbsp;, que posee todos los derechos de propiedad intelectual. Este sitio constituye una obra protegida por el derecho de propiedad intelectual, al igual que la estructura general del sitio, los gr\u00e1ficos y los elementos accesibles en el sitio (formularios, textos, fotograf\u00edas, im\u00e1genes, etc.).<br>Sin la autorizaci\u00f3n previa por escrito de&nbsp;BORDEAUX PADEL EVENT, el sitio y la informaci\u00f3n que contiene no podr\u00e1n copiarse, reproducirse, modificarse, transmitirse, publicarse en ning\u00fan soporte, ni explotarse total o parcialmente con fines comerciales o no comerciales, ni utilizarse para crear obras derivadas.<br>El incumplimiento de estas normas puede comprometer la responsabilidad del internauta en virtud de los art\u00edculos L. 713-2 y L.713-3 del C\u00f3digo franc\u00e9s de la Propiedad Intelectual.<\/p>\n<h2>Pol\u00edtica de confidencialidad de datos personales<\/h2>\n<p>Nuestra empresa procesa datos personales.<br>Al utilizar nuestro sitio, usted acepta nuestra pol\u00edtica de privacidad.<br>Recopilamos informaci\u00f3n sobre usted cuando se registra en nuestro sitio web, inicia sesi\u00f3n en su cuenta, realiza una compra&#8230;.<br>Nos comprometemos a recoger \u00fanicamente los datos estrictamente necesarios.<br>Los datos personales que recogemos y almacenamos son: el nombre de la estructura, el nombre del contacto, el c\u00f3digo postal, la localidad, el correo electr\u00f3nico, el tel\u00e9fono y el comentario adjunto.<\/p>\n<p>El tratamiento de estos datos nos permite gestionar nuestra relaci\u00f3n comercial, personalizar su experiencia y satisfacer sus necesidades individuales, proporcionarle informaci\u00f3n personalizada, mejorar el servicio al cliente y sus necesidades de atenci\u00f3n, y ponernos en contacto con usted por correo electr\u00f3nico.<br>La conservaci\u00f3n de los datos personales depende del servicio suscrito. Nos comprometemos a no conservar sus datos personales durante m\u00e1s tiempo del necesario para la prestaci\u00f3n del servicio, m\u00e1s el plazo de conservaci\u00f3n impuesto por las normas aplicables en materia de prescripci\u00f3n legal.<\/p>\n<p>Somos los \u00fanicos usuarios de la informaci\u00f3n recogida en este sitio. Su informaci\u00f3n personal no se vender\u00e1, intercambiar\u00e1, transferir\u00e1 ni dar\u00e1 a otra empresa sin su consentimiento, aparte de lo necesario para responder a una solicitud y\/o transacci\u00f3n (por ejemplo, para enviar un pedido).<\/p>\n<p>Aplicamos medidas de seguridad para proteger la seguridad de su informaci\u00f3n personal. Tambi\u00e9n protegemos su informaci\u00f3n fuera de l\u00ednea. S\u00f3lo los departamentos que necesitan llevar a cabo una tarea espec\u00edfica (por ejemplo, facturaci\u00f3n o atenci\u00f3n al cliente) tienen acceso a informaci\u00f3n personal identificable. Los ordenadores y servidores utilizados para almacenar informaci\u00f3n personal identificable se mantienen en un entorno seguro.<\/p>\n<p>Utilizamos cookies para mejorar el acceso a nuestro sitio e identificar a los visitantes habituales. Adem\u00e1s, nuestras cookies mejoran la experiencia del usuario rastreando y orientando sus intereses. Sin embargo, este uso de cookies no est\u00e1 vinculado en modo alguno a ninguna informaci\u00f3n personal identificable en nuestro sitio.<br>Tiene derecho a acceder, rectificar, suprimir, oponerse y limitar el tratamiento de sus datos personales.<br>Podr\u00e1 ejercer estos derechos enviando una solicitud escrita y firmada, especificando la direcci\u00f3n a la que debe enviarse la respuesta y acompa\u00f1ada de una copia de su documento de identidad, a la siguiente direcci\u00f3n BURDEOS PADEL EVENT &#8211;&nbsp;4 PL JEAN MOULIN, 33000 BORDEAUX<br>Tambi\u00e9n puede darse de baja en cualquier momento para dejar de recibir correos electr\u00f3nicos.<\/p>\n<h2>Hiperv\u00ednculos a sitios de terceros<\/h2>\n<p>Este sitio contiene hiperv\u00ednculos a sitios web publicados por terceros. Estos enlaces se establecen de buena fe y BORDEAUX PADEL EVENT&nbsp;no se responsabiliza de los cambios que se produzcan en estos sitios. Por consiguiente, BORDEAUX PADEL EVENT&nbsp; no podr\u00e1 ser considerado responsable de estos enlaces de hipertexto: s\u00f3lo los editores de los sitios a los que se hace referencia en el sitio BORDEAUX PADEL EVENT&nbsp;podr\u00e1n ser considerados responsables.<\/p>\n<h2>Legislaci\u00f3n aplicable<\/h2>\n<p>Este sitio web y el presente aviso legal se rigen por la legislaci\u00f3n francesa.<\/p>\t\t\t\t\t\t<\/div>\n\t\t\t\t<\/div>\n\t\t\t\t<\/div>\n\t\t\t\t\t\t\t<\/div>\n\t\t","protected":false},"excerpt":{"rendered":"<p>Informaci\u00f3n jur\u00eddica Este sitio web es propiedad de Premier Padel, BORDEAUX PADEL EVENT SAS con un capital de&nbsp; 10 000,00 \u20ac &nbsp;&nbsp;953 983 350 R.C.S. Bordeaux, cuya direcci\u00f3n es : Domicilio social &nbsp; &nbsp; 4 PL JEAN MOULIN, 33000 BORDEAUX Correo electr\u00f3nico: fabien@bordeauxpadelevents.com N\u00famero de IVA intracomunitario:&nbsp;FR79953983350 El proveedor de servicios responsable del alojamiento del [&hellip;]<\/p>\n","protected":false},"author":1,"featured_media":0,"parent":0,"menu_order":0,"comment_status":"closed","ping_status":"closed","template":"","meta":{"footnotes":""},"class_list":["post-1785","page","type-page","status-publish","hentry"],"acf":[],"yoast_head":"<!-- This site is optimized with the Yoast SEO plugin v21.2 - https:\/\/yoast.com\/wordpress\/plugins\/seo\/ -->\n<title>Informaci\u00f3n jur\u00eddica | BORDEAUX PREMIER PADEL<\/title>\n<meta name=\"robots\" content=\"noindex, nofollow\" \/>\n<meta property=\"og:locale\" content=\"es_ES\" \/>\n<meta property=\"og:type\" content=\"article\" \/>\n<meta property=\"og:title\" content=\"Informaci\u00f3n jur\u00eddica | BORDEAUX PREMIER PADEL\" \/>\n<meta property=\"og:description\" content=\"Informaci\u00f3n jur\u00eddica Este sitio web es propiedad de Premier Padel, BORDEAUX PADEL EVENT SAS con un capital de&nbsp; 10 000,00 \u20ac &nbsp;&nbsp;953 983 350 R.C.S. Bordeaux, cuya direcci\u00f3n es : Domicilio social &nbsp; &nbsp; 4 PL JEAN MOULIN, 33000 BORDEAUX Correo electr\u00f3nico: fabien@bordeauxpadelevents.com N\u00famero de IVA intracomunitario:&nbsp;FR79953983350 El proveedor de servicios responsable del alojamiento del [&hellip;]\" \/>\n<meta property=\"og:url\" content=\"https:\/\/www.betclic-bordeaux-premierpadel.com\/es\/informacion-juridica\/\" \/>\n<meta property=\"og:site_name\" content=\"BORDEAUX PREMIER PADEL\" \/>\n<meta property=\"article:publisher\" content=\"https:\/\/www.facebook.com\/bordeauxpremierpadel\/\" \/>\n<meta property=\"article:modified_time\" content=\"2023-12-21T13:19:14+00:00\" \/>\n<meta property=\"og:image\" content=\"https:\/\/www.betclic-bordeaux-premierpadel.com\/wp-content\/uploads\/2023\/09\/article2.png\" \/>\n\t<meta property=\"og:image:width\" content=\"480\" \/>\n\t<meta property=\"og:image:height\" content=\"324\" \/>\n\t<meta property=\"og:image:type\" content=\"image\/png\" \/>\n<meta name=\"twitter:card\" content=\"summary_large_image\" \/>\n<meta name=\"twitter:label1\" content=\"Tiempo de lectura\" \/>\n\t<meta name=\"twitter:data1\" content=\"4 minutos\" \/>\n<script type=\"application\/ld+json\" class=\"yoast-schema-graph\">{\"@context\":\"https:\/\/schema.org\",\"@graph\":[{\"@type\":\"WebPage\",\"@id\":\"https:\/\/www.betclic-bordeaux-premierpadel.com\/es\/informacion-juridica\/\",\"url\":\"https:\/\/www.betclic-bordeaux-premierpadel.com\/es\/informacion-juridica\/\",\"name\":\"Informaci\u00f3n jur\u00eddica | BORDEAUX PREMIER PADEL\",\"isPartOf\":{\"@id\":\"https:\/\/www.betclic-bordeaux-premierpadel.com\/es\/#website\"},\"datePublished\":\"2023-09-26T13:08:14+00:00\",\"dateModified\":\"2023-12-21T13:19:14+00:00\",\"breadcrumb\":{\"@id\":\"https:\/\/www.betclic-bordeaux-premierpadel.com\/es\/informacion-juridica\/#breadcrumb\"},\"inLanguage\":\"es\",\"potentialAction\":[{\"@type\":\"ReadAction\",\"target\":[\"https:\/\/www.betclic-bordeaux-premierpadel.com\/es\/informacion-juridica\/\"]}]},{\"@type\":\"BreadcrumbList\",\"@id\":\"https:\/\/www.betclic-bordeaux-premierpadel.com\/es\/informacion-juridica\/#breadcrumb\",\"itemListElement\":[{\"@type\":\"ListItem\",\"position\":1,\"name\":\"Accueil\",\"item\":\"https:\/\/www.betclic-bordeaux-premierpadel.com\/es\/\"},{\"@type\":\"ListItem\",\"position\":2,\"name\":\"Informaci\u00f3n jur\u00eddica\"}]},{\"@type\":\"WebSite\",\"@id\":\"https:\/\/www.betclic-bordeaux-premierpadel.com\/es\/#website\",\"url\":\"https:\/\/www.betclic-bordeaux-premierpadel.com\/es\/\",\"name\":\"Betclic Bordeaux Premier Padel\",\"description\":\"Une comp\u00e9tition d&#039;exception ! Premi\u00e8re \u00e9dition \u00e0 Bordeaux du 10 au 16 JUIN 2024\",\"publisher\":{\"@id\":\"https:\/\/www.betclic-bordeaux-premierpadel.com\/es\/#organization\"},\"potentialAction\":[{\"@type\":\"SearchAction\",\"target\":{\"@type\":\"EntryPoint\",\"urlTemplate\":\"https:\/\/www.betclic-bordeaux-premierpadel.com\/es\/?s={search_term_string}\"},\"query-input\":\"required name=search_term_string\"}],\"inLanguage\":\"es\"},{\"@type\":\"Organization\",\"@id\":\"https:\/\/www.betclic-bordeaux-premierpadel.com\/es\/#organization\",\"name\":\"Betclic Bordeaux Premier Padel\",\"url\":\"https:\/\/www.betclic-bordeaux-premierpadel.com\/es\/\",\"logo\":{\"@type\":\"ImageObject\",\"inLanguage\":\"es\",\"@id\":\"https:\/\/www.betclic-bordeaux-premierpadel.com\/es\/#\/schema\/logo\/image\/\",\"url\":\"https:\/\/www.betclic-bordeaux-premierpadel.com\/wp-content\/uploads\/2023\/12\/410293210_122124570170065325_6712053541632223723_n.jpg\",\"contentUrl\":\"https:\/\/www.betclic-bordeaux-premierpadel.com\/wp-content\/uploads\/2023\/12\/410293210_122124570170065325_6712053541632223723_n.jpg\",\"width\":1201,\"height\":1201,\"caption\":\"Betclic Bordeaux Premier Padel\"},\"image\":{\"@id\":\"https:\/\/www.betclic-bordeaux-premierpadel.com\/es\/#\/schema\/logo\/image\/\"},\"sameAs\":[\"https:\/\/www.facebook.com\/bordeauxpremierpadel\/\",\"https:\/\/www.instagram.com\/bordeauxpremierpadel\/\"]}]}<\/script>\n<!-- \/ Yoast SEO plugin. -->","yoast_head_json":{"title":"Informaci\u00f3n jur\u00eddica | BORDEAUX PREMIER PADEL","robots":{"index":"noindex","follow":"nofollow"},"og_locale":"es_ES","og_type":"article","og_title":"Informaci\u00f3n jur\u00eddica | BORDEAUX PREMIER PADEL","og_description":"Informaci\u00f3n jur\u00eddica Este sitio web es propiedad de Premier Padel, BORDEAUX PADEL EVENT SAS con un capital de&nbsp; 10 000,00 \u20ac &nbsp;&nbsp;953 983 350 R.C.S. Bordeaux, cuya direcci\u00f3n es : Domicilio social &nbsp; &nbsp; 4 PL JEAN MOULIN, 33000 BORDEAUX Correo electr\u00f3nico: fabien@bordeauxpadelevents.com N\u00famero de IVA intracomunitario:&nbsp;FR79953983350 El proveedor de servicios responsable del alojamiento del [&hellip;]","og_url":"https:\/\/www.betclic-bordeaux-premierpadel.com\/es\/informacion-juridica\/","og_site_name":"BORDEAUX PREMIER PADEL","article_publisher":"https:\/\/www.facebook.com\/bordeauxpremierpadel\/","article_modified_time":"2023-12-21T13:19:14+00:00","og_image":[{"width":480,"height":324,"url":"https:\/\/www.betclic-bordeaux-premierpadel.com\/wp-content\/uploads\/2023\/09\/article2.png","type":"image\/png"}],"twitter_card":"summary_large_image","twitter_misc":{"Tiempo de lectura":"4 minutos"},"schema":{"@context":"https:\/\/schema.org","@graph":[{"@type":"WebPage","@id":"https:\/\/www.betclic-bordeaux-premierpadel.com\/es\/informacion-juridica\/","url":"https:\/\/www.betclic-bordeaux-premierpadel.com\/es\/informacion-juridica\/","name":"Informaci\u00f3n jur\u00eddica | BORDEAUX PREMIER PADEL","isPartOf":{"@id":"https:\/\/www.betclic-bordeaux-premierpadel.com\/es\/#website"},"datePublished":"2023-09-26T13:08:14+00:00","dateModified":"2023-12-21T13:19:14+00:00","breadcrumb":{"@id":"https:\/\/www.betclic-bordeaux-premierpadel.com\/es\/informacion-juridica\/#breadcrumb"},"inLanguage":"es","potentialAction":[{"@type":"ReadAction","target":["https:\/\/www.betclic-bordeaux-premierpadel.com\/es\/informacion-juridica\/"]}]},{"@type":"BreadcrumbList","@id":"https:\/\/www.betclic-bordeaux-premierpadel.com\/es\/informacion-juridica\/#breadcrumb","itemListElement":[{"@type":"ListItem","position":1,"name":"Accueil","item":"https:\/\/www.betclic-bordeaux-premierpadel.com\/es\/"},{"@type":"ListItem","position":2,"name":"Informaci\u00f3n jur\u00eddica"}]},{"@type":"WebSite","@id":"https:\/\/www.betclic-bordeaux-premierpadel.com\/es\/#website","url":"https:\/\/www.betclic-bordeaux-premierpadel.com\/es\/","name":"Betclic Bordeaux Premier Padel","description":"Une comp\u00e9tition d&#039;exception ! Premi\u00e8re \u00e9dition \u00e0 Bordeaux du 10 au 16 JUIN 2024","publisher":{"@id":"https:\/\/www.betclic-bordeaux-premierpadel.com\/es\/#organization"},"potentialAction":[{"@type":"SearchAction","target":{"@type":"EntryPoint","urlTemplate":"https:\/\/www.betclic-bordeaux-premierpadel.com\/es\/?s={search_term_string}"},"query-input":"required name=search_term_string"}],"inLanguage":"es"},{"@type":"Organization","@id":"https:\/\/www.betclic-bordeaux-premierpadel.com\/es\/#organization","name":"Betclic Bordeaux Premier Padel","url":"https:\/\/www.betclic-bordeaux-premierpadel.com\/es\/","logo":{"@type":"ImageObject","inLanguage":"es","@id":"https:\/\/www.betclic-bordeaux-premierpadel.com\/es\/#\/schema\/logo\/image\/","url":"https:\/\/www.betclic-bordeaux-premierpadel.com\/wp-content\/uploads\/2023\/12\/410293210_122124570170065325_6712053541632223723_n.jpg","contentUrl":"https:\/\/www.betclic-bordeaux-premierpadel.com\/wp-content\/uploads\/2023\/12\/410293210_122124570170065325_6712053541632223723_n.jpg","width":1201,"height":1201,"caption":"Betclic Bordeaux Premier Padel"},"image":{"@id":"https:\/\/www.betclic-bordeaux-premierpadel.com\/es\/#\/schema\/logo\/image\/"},"sameAs":["https:\/\/www.facebook.com\/bordeauxpremierpadel\/","https:\/\/www.instagram.com\/bordeauxpremierpadel\/"]}]}},"_links":{"self":[{"href":"https:\/\/www.betclic-bordeaux-premierpadel.com\/es\/wp-json\/wp\/v2\/pages\/1785","targetHints":{"allow":["GET"]}}],"collection":[{"href":"https:\/\/www.betclic-bordeaux-premierpadel.com\/es\/wp-json\/wp\/v2\/pages"}],"about":[{"href":"https:\/\/www.betclic-bordeaux-premierpadel.com\/es\/wp-json\/wp\/v2\/types\/page"}],"author":[{"embeddable":true,"href":"https:\/\/www.betclic-bordeaux-premierpadel.com\/es\/wp-json\/wp\/v2\/users\/1"}],"replies":[{"embeddable":true,"href":"https:\/\/www.betclic-bordeaux-premierpadel.com\/es\/wp-json\/wp\/v2\/comments?post=1785"}],"version-history":[{"count":1,"href":"https:\/\/www.betclic-bordeaux-premierpadel.com\/es\/wp-json\/wp\/v2\/pages\/1785\/revisions"}],"predecessor-version":[{"id":1788,"href":"https:\/\/www.betclic-bordeaux-premierpadel.com\/es\/wp-json\/wp\/v2\/pages\/1785\/revisions\/1788"}],"wp:attachment":[{"href":"https:\/\/www.betclic-bordeaux-premierpadel.com\/es\/wp-json\/wp\/v2\/media?parent=1785"}],"curies":[{"name":"wp","href":"https:\/\/api.w.org\/{rel}","templated":true}]}}