{"id":4738,"date":"2026-05-04T12:32:37","date_gmt":"2026-05-04T12:32:37","guid":{"rendered":"https:\/\/www.betclic-bordeaux-premierpadel.com\/voluntarios\/"},"modified":"2026-05-04T12:42:53","modified_gmt":"2026-05-04T12:42:53","slug":"voluntarios","status":"publish","type":"page","link":"https:\/\/www.betclic-bordeaux-premierpadel.com\/es\/voluntarios\/","title":{"rendered":"Voluntarios"},"content":{"rendered":"\t\t<div data-elementor-type=\"wp-page\" data-elementor-id=\"4738\" class=\"elementor elementor-4738 elementor-4729\">\n\t\t\t\t\t\t\t<div class=\"elementor-element elementor-element-39a8bd9 e-con-full e-flex e-con e-parent\" data-id=\"39a8bd9\" data-element_type=\"container\" data-settings=\"{&quot;content_width&quot;:&quot;full&quot;}\" data-core-v316-plus=\"true\">\n\t\t<div class=\"elementor-element elementor-element-d7bb4b9 e-con-full e-flex e-con e-child\" data-id=\"d7bb4b9\" data-element_type=\"container\" data-settings=\"{&quot;content_width&quot;:&quot;full&quot;,&quot;background_background&quot;:&quot;classic&quot;}\">\n\t\t\t\t<div class=\"elementor-element elementor-element-37bb0f2 elementor-invisible elementor-widget elementor-widget-heading\" data-id=\"37bb0f2\" data-element_type=\"widget\" data-settings=\"{&quot;_animation&quot;:&quot;fadeIn&quot;}\" data-widget_type=\"heading.default\">\n\t\t\t\t<div class=\"elementor-widget-container\">\n\t\t\t<style>\/*! elementor - v3.16.0 - 20-09-2023 *\/\n.elementor-heading-title{padding:0;margin:0;line-height:1}.elementor-widget-heading .elementor-heading-title[class*=elementor-size-]>a{color:inherit;font-size:inherit;line-height:inherit}.elementor-widget-heading .elementor-heading-title.elementor-size-small{font-size:15px}.elementor-widget-heading .elementor-heading-title.elementor-size-medium{font-size:19px}.elementor-widget-heading .elementor-heading-title.elementor-size-large{font-size:29px}.elementor-widget-heading .elementor-heading-title.elementor-size-xl{font-size:39px}.elementor-widget-heading .elementor-heading-title.elementor-size-xxl{font-size:59px}<\/style><h1 class=\"elementor-heading-title elementor-size-default\">VOLUNTARIOS<\/h1>\t\t<\/div>\n\t\t\t\t<\/div>\n\t\t\t\t<\/div>\n\t\t\t\t<\/div>\n\t\t<div class=\"elementor-element elementor-element-5168eec e-con-full e-flex e-con e-parent\" data-id=\"5168eec\" data-element_type=\"container\" data-settings=\"{&quot;content_width&quot;:&quot;full&quot;}\" data-core-v316-plus=\"true\">\n\t\t\t\t<div class=\"elementor-element elementor-element-4ed193f elementor-absolute e-transform elementor-widget elementor-widget-image\" data-id=\"4ed193f\" data-element_type=\"widget\" data-settings=\"{&quot;_position&quot;:&quot;absolute&quot;,&quot;motion_fx_motion_fx_scrolling&quot;:&quot;yes&quot;,&quot;motion_fx_translateY_effect&quot;:&quot;yes&quot;,&quot;motion_fx_translateY_speed&quot;:{&quot;unit&quot;:&quot;px&quot;,&quot;size&quot;:2,&quot;sizes&quot;:[]},&quot;_transform_flipX_effect&quot;:&quot;transform&quot;,&quot;motion_fx_translateY_affectedRange&quot;:{&quot;unit&quot;:&quot;%&quot;,&quot;size&quot;:&quot;&quot;,&quot;sizes&quot;:{&quot;start&quot;:0,&quot;end&quot;:100}},&quot;motion_fx_devices&quot;:[&quot;desktop&quot;,&quot;tablet&quot;,&quot;mobile&quot;]}\" data-widget_type=\"image.default\">\n\t\t\t\t<div class=\"elementor-widget-container\">\n\t\t\t<style>\/*! elementor - v3.16.0 - 20-09-2023 *\/\n.elementor-widget-image{text-align:center}.elementor-widget-image a{display:inline-block}.elementor-widget-image a img[src$=\".svg\"]{width:48px}.elementor-widget-image img{vertical-align:middle;display:inline-block}<\/style>\t\t\t\t\t\t\t\t\t\t\t\t<img loading=\"lazy\" decoding=\"async\" width=\"800\" height=\"778\" src=\"https:\/\/www.betclic-bordeaux-premierpadel.com\/wp-content\/uploads\/2023\/09\/lune-gold.png\" class=\"attachment-large size-large wp-image-10\" alt=\"Betclic soutient le Premier Padel \u00e0 Ark\u00e9a Ar\u00e9na : comp\u00e9tition sportive de padel \u00e0 Bordeaux, tournoi de renomm\u00e9e\" \/>\t\t\t\t\t\t\t\t\t\t\t\t\t\t\t<\/div>\n\t\t\t\t<\/div>\n\t\t\t\t<div class=\"elementor-element elementor-element-2be9e17 elementor-invisible elementor-widget elementor-widget-heading\" data-id=\"2be9e17\" data-element_type=\"widget\" data-settings=\"{&quot;_animation&quot;:&quot;fadeIn&quot;}\" data-widget_type=\"heading.default\">\n\t\t\t\t<div class=\"elementor-widget-container\">\n\t\t\t<h2 class=\"elementor-heading-title elementor-size-default\">inscripci\u00f3n<\/h2>\t\t<\/div>\n\t\t\t\t<\/div>\n\t\t\t\t<div class=\"elementor-element elementor-element-38b7b0f elementor-widget__width-initial elementor-widget elementor-widget-text-editor\" data-id=\"38b7b0f\" data-element_type=\"widget\" data-widget_type=\"text-editor.default\">\n\t\t\t\t<div class=\"elementor-widget-container\">\n\t\t\t<style>\/*! elementor - v3.16.0 - 20-09-2023 *\/\n.elementor-widget-text-editor.elementor-drop-cap-view-stacked .elementor-drop-cap{background-color:#69727d;color:#fff}.elementor-widget-text-editor.elementor-drop-cap-view-framed .elementor-drop-cap{color:#69727d;border:3px solid;background-color:transparent}.elementor-widget-text-editor:not(.elementor-drop-cap-view-default) .elementor-drop-cap{margin-top:8px}.elementor-widget-text-editor:not(.elementor-drop-cap-view-default) .elementor-drop-cap-letter{width:1em;height:1em}.elementor-widget-text-editor .elementor-drop-cap{float:left;text-align:center;line-height:1;font-size:50px}.elementor-widget-text-editor .elementor-drop-cap-letter{display:inline-block}<\/style>\t\t\t\t<script async=\"\" defer src=\"https:\/\/widget.weezevent.com\/weez.js\" type=\"text\/javascript\"><\/script><a class=\"weezevent-widget-integration grootlink\" data-iframe-background=\"transparent\" data-type=\"groot\" href=\"https:\/\/widget.weezevent.com\/crew\/organization\/2658\/event\/5949\/form\/10385\">WeezCrew<\/a>\n\t\t\t\t\t\t<\/div>\n\t\t\t\t<\/div>\n\t\t\t\t<\/div>\n\t\t<div class=\"elementor-element elementor-element-7a07fa0 e-con-full e-flex e-con e-parent\" data-id=\"7a07fa0\" data-element_type=\"container\" data-settings=\"{&quot;content_width&quot;:&quot;full&quot;}\" data-core-v316-plus=\"true\">\n\t\t<div class=\"elementor-element elementor-element-cf19ae3 e-con-full content-accordion  e-flex e-con e-child\" data-id=\"cf19ae3\" data-element_type=\"container\" data-settings=\"{&quot;content_width&quot;:&quot;full&quot;}\">\n\t\t<div class=\"elementor-element elementor-element-630ff61 e-con-full e-flex e-con e-child\" data-id=\"630ff61\" data-element_type=\"container\" data-settings=\"{&quot;content_width&quot;:&quot;full&quot;,&quot;background_background&quot;:&quot;classic&quot;}\">\n\t\t<div class=\"elementor-element elementor-element-744cc9b e-con-full e-flex e-con e-child\" data-id=\"744cc9b\" data-element_type=\"container\" data-settings=\"{&quot;content_width&quot;:&quot;full&quot;}\">\n\t\t\t\t<div class=\"elementor-element elementor-element-4f53148 elementor-widget elementor-widget-text-editor\" data-id=\"4f53148\" data-element_type=\"widget\" data-widget_type=\"text-editor.default\">\n\t\t\t\t<div class=\"elementor-widget-container\">\n\t\t\t\t\t\t\t<p>El servicio<\/p>\n\t\t\t\t\t\t<\/div>\n\t\t\t\t<\/div>\n\t\t\t\t<div class=\"elementor-element elementor-element-08a24be elementor-widget elementor-widget-text-editor\" data-id=\"08a24be\" data-element_type=\"widget\" data-widget_type=\"text-editor.default\">\n\t\t\t\t<div class=\"elementor-widget-container\">\n\t\t\t\t\t\t\t<p>En Padel, la pelota se pone en juego con una<strong> cuchara<\/strong> a lo largo de dos intentos (primera pelota y segunda pelota). El servidor debe botar la pelota <strong>detr\u00e1s de la l\u00ednea de<\/strong> servicio antes de golpearla por debajo de la banda. Siempre est\u00e1 detr\u00e1s de la l\u00ednea de saque cuando pone la pelota en juego.<\/p>\n<p>El objetivo es botar la pelota <strong>en diagonal<\/strong> hacia el <strong>\u00e1rea de servicio<\/strong>. Despu\u00e9s de cruzar la red, un bal\u00f3n que toca por primera vez una superficie distinta del suelo se <strong>considera falta<\/strong>. Si rebota en la pista y toca la red antes de cruzar la l\u00ednea de servicio (en el lado receptor), tambi\u00e9n es <strong>falta<\/strong>. Si el bal\u00f3n golpea la red y rebota en el \u00e1rea, es un let. Si toca la valla antes del segundo rebote, es <strong>falta<\/strong>.<\/p>\n\t\t\t\t\t\t<\/div>\n\t\t\t\t<\/div>\n\t\t\t\t<\/div>\n\t\t<div class=\"elementor-element elementor-element-e6c2cff e-con-full e-flex e-con e-child\" data-id=\"e6c2cff\" data-element_type=\"container\" data-settings=\"{&quot;content_width&quot;:&quot;full&quot;,&quot;background_background&quot;:&quot;classic&quot;}\">\n\t\t\t\t<\/div>\n\t\t\t\t<\/div>\n\t\t<div class=\"elementor-element elementor-element-76d8ef4 e-con-full e-flex e-con e-child\" data-id=\"76d8ef4\" data-element_type=\"container\" data-settings=\"{&quot;content_width&quot;:&quot;full&quot;,&quot;background_background&quot;:&quot;classic&quot;}\">\n\t\t<div class=\"elementor-element elementor-element-796f2c2 e-con-full e-flex e-con e-child\" data-id=\"796f2c2\" data-element_type=\"container\" data-settings=\"{&quot;content_width&quot;:&quot;full&quot;}\">\n\t\t\t\t<div class=\"elementor-element elementor-element-c09fe69 elementor-widget elementor-widget-text-editor\" data-id=\"c09fe69\" data-element_type=\"widget\" data-widget_type=\"text-editor.default\">\n\t\t\t\t<div class=\"elementor-widget-container\">\n\t\t\t\t\t\t\t<p>Posici\u00f3n de los jugadores<\/p>\n\t\t\t\t\t\t<\/div>\n\t\t\t\t<\/div>\n\t\t\t\t<div class=\"elementor-element elementor-element-b537372 elementor-widget elementor-widget-text-editor\" data-id=\"b537372\" data-element_type=\"widget\" data-widget_type=\"text-editor.default\">\n\t\t\t\t<div class=\"elementor-widget-container\">\n\t\t\t\t\t\t\t<p>El servidor debe estar <strong>detr\u00e1s de la l\u00ednea de fondo<\/strong>, a la izquierda o a la derecha de la l\u00ednea central, seg\u00fan la puntuaci\u00f3n.<\/p>\n<p>El restador puede colocarse en cualquier lugar de la pista, siempre que se encuentre <strong>en la diagonal del servidor<\/strong>. Los socios pueden situarse en cualquier lugar de su campamento.<\/p>\n\t\t\t\t\t\t<\/div>\n\t\t\t\t<\/div>\n\t\t\t\t<\/div>\n\t\t<div class=\"elementor-element elementor-element-dbddfb3 e-con-full e-flex e-con e-child\" data-id=\"dbddfb3\" data-element_type=\"container\" data-settings=\"{&quot;content_width&quot;:&quot;full&quot;,&quot;background_background&quot;:&quot;classic&quot;}\">\n\t\t\t\t<\/div>\n\t\t\t\t<\/div>\n\t\t<div class=\"elementor-element elementor-element-1e7787f e-con-full e-flex e-con e-child\" data-id=\"1e7787f\" data-element_type=\"container\" data-settings=\"{&quot;content_width&quot;:&quot;full&quot;,&quot;background_background&quot;:&quot;classic&quot;}\">\n\t\t<div class=\"elementor-element elementor-element-176e66d e-con-full e-flex e-con e-child\" data-id=\"176e66d\" data-element_type=\"container\" data-settings=\"{&quot;content_width&quot;:&quot;full&quot;}\">\n\t\t\t\t<div class=\"elementor-element elementor-element-a4df194 elementor-widget elementor-widget-text-editor\" data-id=\"a4df194\" data-element_type=\"widget\" data-widget_type=\"text-editor.default\">\n\t\t\t\t<div class=\"elementor-widget-container\">\n\t\t\t\t\t\t\t<p>Intercambios y rebotes<\/p>\n\t\t\t\t\t\t<\/div>\n\t\t\t\t<\/div>\n\t\t\t\t<div class=\"elementor-element elementor-element-3ff31c8 elementor-widget elementor-widget-text-editor\" data-id=\"3ff31c8\" data-element_type=\"widget\" data-widget_type=\"text-editor.default\">\n\t\t\t\t<div class=\"elementor-widget-container\">\n\t\t\t\t\t\t\t<p>Una pelota puede ser <strong>voleada,<\/strong> a excepci\u00f3n del saque y la devoluci\u00f3n de saque. <strong>S\u00f3lo<\/strong> puede <strong>botar una vez en el suelo<\/strong> durante el peloteo, pero puede estar en contacto con cualquier otra superficie.  El picaporte, las vallas y los muros <strong>forman<\/strong> parte de la propiedad. El segundo rebote en el suelo supone la <strong>p\u00e9rdida<\/strong> del punto.<\/p>\n<\/p>\n<p>Si el bal\u00f3n no ha rebotado por segunda vez en el suelo, puede volver a sacarse de la pista. Si el bal\u00f3n regresa -tras un rebote en campo contrario- sin haber sido tocado por un adversario, <strong>se gana el punto<\/strong>.<\/p>\n<\/p>\n<p>Cuando un bal\u00f3n cruza la red, debe <strong>tocar el suelo del equipo<\/strong> contrario antes de golpear una pared. Los jugadores pueden golpear la pelota despu\u00e9s de que rebote en una pared para devolverla al equipo contrario. Por supuesto, como en el tenis, el jugador que golpea la pelota s\u00f3lo puede <strong>dar un toque<\/strong>.<\/p>\n\t\t\t\t\t\t<\/div>\n\t\t\t\t<\/div>\n\t\t\t\t<\/div>\n\t\t<div class=\"elementor-element elementor-element-e0ecac7 e-con-full e-flex e-con e-child\" data-id=\"e0ecac7\" data-element_type=\"container\" data-settings=\"{&quot;content_width&quot;:&quot;full&quot;,&quot;background_background&quot;:&quot;classic&quot;}\">\n\t\t\t\t<\/div>\n\t\t\t\t<\/div>\n\t\t<div class=\"elementor-element elementor-element-1c0fa18 e-con-full e-flex e-con e-child\" data-id=\"1c0fa18\" data-element_type=\"container\" data-settings=\"{&quot;content_width&quot;:&quot;full&quot;,&quot;background_background&quot;:&quot;classic&quot;}\">\n\t\t<div class=\"elementor-element elementor-element-8490c30 e-con-full e-flex e-con e-child\" data-id=\"8490c30\" data-element_type=\"container\" data-settings=\"{&quot;content_width&quot;:&quot;full&quot;}\">\n\t\t\t\t<div class=\"elementor-element elementor-element-b11de17 elementor-widget elementor-widget-text-editor\" data-id=\"b11de17\" data-element_type=\"widget\" data-widget_type=\"text-editor.default\">\n\t\t\t\t<div class=\"elementor-widget-container\">\n\t\t\t\t\t\t\t<p>Los puntos<\/p>\n\t\t\t\t\t\t<\/div>\n\t\t\t\t<\/div>\n\t\t\t\t<div class=\"elementor-element elementor-element-8f8cb43 elementor-widget elementor-widget-text-editor\" data-id=\"8f8cb43\" data-element_type=\"widget\" data-widget_type=\"text-editor.default\">\n\t\t\t\t<div class=\"elementor-widget-container\">\n\t\t\t\t\t\t\t<p>Como en el tenis, los puntos se cuentan <strong>de 15 a 40<\/strong>. La regla de la ventaja se aplica en los partidos empatados. Los partidos se juegan al mejor de <strong>tres sets<\/strong> (una pareja debe ganar dos sets para ganar el partido), con un tie-break a seis iguales en el tercer set.  <\/p>\n<p>Se deben jugar<strong> seis juegos para ganar<\/strong> un set y si ambos equipos llegan a 6-6, se juega un tie-break. La primera pareja que anote siete puntos con un margen de dos puntos gana el set. Si el marcador est\u00e1 empatado a 6-6 o 7-6, el tie-break contin\u00faa hasta que un equipo toma una ventaja de dos puntos.<\/p>\n\t\t\t\t\t\t<\/div>\n\t\t\t\t<\/div>\n\t\t\t\t<\/div>\n\t\t<div class=\"elementor-element elementor-element-a5f745a e-con-full e-flex e-con e-child\" data-id=\"a5f745a\" data-element_type=\"container\" data-settings=\"{&quot;content_width&quot;:&quot;full&quot;,&quot;background_background&quot;:&quot;classic&quot;}\">\n\t\t\t\t<\/div>\n\t\t\t\t<\/div>\n\t\t<div class=\"elementor-element elementor-element-45b8005 e-con-full elementor-hidden-desktop elementor-hidden-tablet elementor-hidden-mobile e-flex e-con e-child\" data-id=\"45b8005\" data-element_type=\"container\" data-settings=\"{&quot;content_width&quot;:&quot;full&quot;}\">\n\t\t\t\t<div class=\"elementor-element elementor-element-3f0d786 elementor-widget elementor-widget-text-editor\" data-id=\"3f0d786\" data-element_type=\"widget\" data-widget_type=\"text-editor.default\">\n\t\t\t\t<div class=\"elementor-widget-container\">\n\t\t\t\t\t\t\t<p>M\u00e1s informaci\u00f3n sobre todas las reglas del Padel:<\/p>\n\t\t\t\t\t\t<\/div>\n\t\t\t\t<\/div>\n\t\t\t\t<div class=\"elementor-element elementor-element-c6978c7 elementor-widget elementor-widget-button\" data-id=\"c6978c7\" data-element_type=\"widget\" data-widget_type=\"button.default\">\n\t\t\t\t<div class=\"elementor-widget-container\">\n\t\t\t\t\t<div class=\"elementor-button-wrapper\">\n\t\t\t<a class=\"elementor-button elementor-button-link elementor-size-sm\" href=\"#\">\n\t\t\t\t\t\t<span class=\"elementor-button-content-wrapper\">\n\t\t\t\t\t\t<span class=\"elementor-button-text\">REGLAS DEL PADEL<\/span>\n\t\t<\/span>\n\t\t\t\t\t<\/a>\n\t\t<\/div>\n\t\t\t\t<\/div>\n\t\t\t\t<\/div>\n\t\t\t\t<\/div>\n\t\t\t\t<\/div>\n\t\t\t\t<\/div>\n\t\t\t\t\t\t\t<\/div>\n\t\t","protected":false},"excerpt":{"rendered":"<p>VOLUNTARIOS inscripci\u00f3n WeezCrew El servicio En Padel, la pelota se pone en juego con una cuchara a lo largo de dos intentos (primera pelota y segunda pelota). El servidor debe botar la pelota detr\u00e1s de la l\u00ednea de servicio antes de golpearla por debajo de la banda. Siempre est\u00e1 detr\u00e1s de la l\u00ednea de saque [&hellip;]<\/p>\n","protected":false},"author":1,"featured_media":0,"parent":0,"menu_order":0,"comment_status":"closed","ping_status":"closed","template":"","meta":{"footnotes":""},"class_list":["post-4738","page","type-page","status-publish","hentry"],"acf":[],"yoast_head":"<!-- This site is optimized with the Yoast SEO plugin v21.2 - https:\/\/yoast.com\/wordpress\/plugins\/seo\/ -->\n<title>Voluntarios | BORDEAUX PREMIER PADEL<\/title>\n<meta name=\"robots\" content=\"index, follow, max-snippet:-1, max-image-preview:large, max-video-preview:-1\" \/>\n<link rel=\"canonical\" href=\"https:\/\/www.betclic-bordeaux-premierpadel.com\/es\/voluntarios\/\" \/>\n<meta property=\"og:locale\" content=\"es_ES\" \/>\n<meta property=\"og:type\" content=\"article\" \/>\n<meta property=\"og:title\" content=\"Voluntarios | BORDEAUX PREMIER PADEL\" \/>\n<meta property=\"og:description\" content=\"VOLUNTARIOS inscripci\u00f3n WeezCrew El servicio En Padel, la pelota se pone en juego con una cuchara a lo largo de dos intentos (primera pelota y segunda pelota). El servidor debe botar la pelota detr\u00e1s de la l\u00ednea de servicio antes de golpearla por debajo de la banda. Siempre est\u00e1 detr\u00e1s de la l\u00ednea de saque [&hellip;]\" \/>\n<meta property=\"og:url\" content=\"https:\/\/www.betclic-bordeaux-premierpadel.com\/es\/voluntarios\/\" \/>\n<meta property=\"og:site_name\" content=\"BORDEAUX PREMIER PADEL\" \/>\n<meta property=\"article:publisher\" content=\"https:\/\/www.facebook.com\/bordeauxpremierpadel\/\" \/>\n<meta property=\"article:modified_time\" content=\"2026-05-04T12:42:53+00:00\" \/>\n<meta property=\"og:image\" content=\"https:\/\/www.betclic-bordeaux-premierpadel.com\/wp-content\/uploads\/2023\/09\/lune-gold.png\" \/>\n<meta name=\"twitter:card\" content=\"summary_large_image\" \/>\n<meta name=\"twitter:label1\" content=\"Tiempo de lectura\" \/>\n\t<meta name=\"twitter:data1\" content=\"3 minutos\" \/>\n<script type=\"application\/ld+json\" class=\"yoast-schema-graph\">{\"@context\":\"https:\/\/schema.org\",\"@graph\":[{\"@type\":\"WebPage\",\"@id\":\"https:\/\/www.betclic-bordeaux-premierpadel.com\/es\/voluntarios\/\",\"url\":\"https:\/\/www.betclic-bordeaux-premierpadel.com\/es\/voluntarios\/\",\"name\":\"Voluntarios | BORDEAUX PREMIER PADEL\",\"isPartOf\":{\"@id\":\"https:\/\/www.betclic-bordeaux-premierpadel.com\/es\/#website\"},\"datePublished\":\"2026-05-04T12:32:37+00:00\",\"dateModified\":\"2026-05-04T12:42:53+00:00\",\"breadcrumb\":{\"@id\":\"https:\/\/www.betclic-bordeaux-premierpadel.com\/es\/voluntarios\/#breadcrumb\"},\"inLanguage\":\"es\",\"potentialAction\":[{\"@type\":\"ReadAction\",\"target\":[\"https:\/\/www.betclic-bordeaux-premierpadel.com\/es\/voluntarios\/\"]}]},{\"@type\":\"BreadcrumbList\",\"@id\":\"https:\/\/www.betclic-bordeaux-premierpadel.com\/es\/voluntarios\/#breadcrumb\",\"itemListElement\":[{\"@type\":\"ListItem\",\"position\":1,\"name\":\"Accueil\",\"item\":\"https:\/\/www.betclic-bordeaux-premierpadel.com\/es\/\"},{\"@type\":\"ListItem\",\"position\":2,\"name\":\"Voluntarios\"}]},{\"@type\":\"WebSite\",\"@id\":\"https:\/\/www.betclic-bordeaux-premierpadel.com\/es\/#website\",\"url\":\"https:\/\/www.betclic-bordeaux-premierpadel.com\/es\/\",\"name\":\"Betclic Bordeaux Premier Padel\",\"description\":\"Une comp\u00e9tition d&#039;exception ! Premi\u00e8re \u00e9dition \u00e0 Bordeaux du 10 au 16 JUIN 2024\",\"publisher\":{\"@id\":\"https:\/\/www.betclic-bordeaux-premierpadel.com\/es\/#organization\"},\"potentialAction\":[{\"@type\":\"SearchAction\",\"target\":{\"@type\":\"EntryPoint\",\"urlTemplate\":\"https:\/\/www.betclic-bordeaux-premierpadel.com\/es\/?s={search_term_string}\"},\"query-input\":\"required name=search_term_string\"}],\"inLanguage\":\"es\"},{\"@type\":\"Organization\",\"@id\":\"https:\/\/www.betclic-bordeaux-premierpadel.com\/es\/#organization\",\"name\":\"Betclic Bordeaux Premier Padel\",\"url\":\"https:\/\/www.betclic-bordeaux-premierpadel.com\/es\/\",\"logo\":{\"@type\":\"ImageObject\",\"inLanguage\":\"es\",\"@id\":\"https:\/\/www.betclic-bordeaux-premierpadel.com\/es\/#\/schema\/logo\/image\/\",\"url\":\"https:\/\/www.betclic-bordeaux-premierpadel.com\/wp-content\/uploads\/2023\/12\/410293210_122124570170065325_6712053541632223723_n.jpg\",\"contentUrl\":\"https:\/\/www.betclic-bordeaux-premierpadel.com\/wp-content\/uploads\/2023\/12\/410293210_122124570170065325_6712053541632223723_n.jpg\",\"width\":1201,\"height\":1201,\"caption\":\"Betclic Bordeaux Premier Padel\"},\"image\":{\"@id\":\"https:\/\/www.betclic-bordeaux-premierpadel.com\/es\/#\/schema\/logo\/image\/\"},\"sameAs\":[\"https:\/\/www.facebook.com\/bordeauxpremierpadel\/\",\"https:\/\/www.instagram.com\/bordeauxpremierpadel\/\"]}]}<\/script>\n<!-- \/ Yoast SEO plugin. -->","yoast_head_json":{"title":"Voluntarios | BORDEAUX PREMIER PADEL","robots":{"index":"index","follow":"follow","max-snippet":"max-snippet:-1","max-image-preview":"max-image-preview:large","max-video-preview":"max-video-preview:-1"},"canonical":"https:\/\/www.betclic-bordeaux-premierpadel.com\/es\/voluntarios\/","og_locale":"es_ES","og_type":"article","og_title":"Voluntarios | BORDEAUX PREMIER PADEL","og_description":"VOLUNTARIOS inscripci\u00f3n WeezCrew El servicio En Padel, la pelota se pone en juego con una cuchara a lo largo de dos intentos (primera pelota y segunda pelota). El servidor debe botar la pelota detr\u00e1s de la l\u00ednea de servicio antes de golpearla por debajo de la banda. Siempre est\u00e1 detr\u00e1s de la l\u00ednea de saque [&hellip;]","og_url":"https:\/\/www.betclic-bordeaux-premierpadel.com\/es\/voluntarios\/","og_site_name":"BORDEAUX PREMIER PADEL","article_publisher":"https:\/\/www.facebook.com\/bordeauxpremierpadel\/","article_modified_time":"2026-05-04T12:42:53+00:00","og_image":[{"url":"https:\/\/www.betclic-bordeaux-premierpadel.com\/wp-content\/uploads\/2023\/09\/lune-gold.png"}],"twitter_card":"summary_large_image","twitter_misc":{"Tiempo de lectura":"3 minutos"},"schema":{"@context":"https:\/\/schema.org","@graph":[{"@type":"WebPage","@id":"https:\/\/www.betclic-bordeaux-premierpadel.com\/es\/voluntarios\/","url":"https:\/\/www.betclic-bordeaux-premierpadel.com\/es\/voluntarios\/","name":"Voluntarios | BORDEAUX PREMIER PADEL","isPartOf":{"@id":"https:\/\/www.betclic-bordeaux-premierpadel.com\/es\/#website"},"datePublished":"2026-05-04T12:32:37+00:00","dateModified":"2026-05-04T12:42:53+00:00","breadcrumb":{"@id":"https:\/\/www.betclic-bordeaux-premierpadel.com\/es\/voluntarios\/#breadcrumb"},"inLanguage":"es","potentialAction":[{"@type":"ReadAction","target":["https:\/\/www.betclic-bordeaux-premierpadel.com\/es\/voluntarios\/"]}]},{"@type":"BreadcrumbList","@id":"https:\/\/www.betclic-bordeaux-premierpadel.com\/es\/voluntarios\/#breadcrumb","itemListElement":[{"@type":"ListItem","position":1,"name":"Accueil","item":"https:\/\/www.betclic-bordeaux-premierpadel.com\/es\/"},{"@type":"ListItem","position":2,"name":"Voluntarios"}]},{"@type":"WebSite","@id":"https:\/\/www.betclic-bordeaux-premierpadel.com\/es\/#website","url":"https:\/\/www.betclic-bordeaux-premierpadel.com\/es\/","name":"Betclic Bordeaux Premier Padel","description":"Une comp\u00e9tition d&#039;exception ! Premi\u00e8re \u00e9dition \u00e0 Bordeaux du 10 au 16 JUIN 2024","publisher":{"@id":"https:\/\/www.betclic-bordeaux-premierpadel.com\/es\/#organization"},"potentialAction":[{"@type":"SearchAction","target":{"@type":"EntryPoint","urlTemplate":"https:\/\/www.betclic-bordeaux-premierpadel.com\/es\/?s={search_term_string}"},"query-input":"required name=search_term_string"}],"inLanguage":"es"},{"@type":"Organization","@id":"https:\/\/www.betclic-bordeaux-premierpadel.com\/es\/#organization","name":"Betclic Bordeaux Premier Padel","url":"https:\/\/www.betclic-bordeaux-premierpadel.com\/es\/","logo":{"@type":"ImageObject","inLanguage":"es","@id":"https:\/\/www.betclic-bordeaux-premierpadel.com\/es\/#\/schema\/logo\/image\/","url":"https:\/\/www.betclic-bordeaux-premierpadel.com\/wp-content\/uploads\/2023\/12\/410293210_122124570170065325_6712053541632223723_n.jpg","contentUrl":"https:\/\/www.betclic-bordeaux-premierpadel.com\/wp-content\/uploads\/2023\/12\/410293210_122124570170065325_6712053541632223723_n.jpg","width":1201,"height":1201,"caption":"Betclic Bordeaux Premier Padel"},"image":{"@id":"https:\/\/www.betclic-bordeaux-premierpadel.com\/es\/#\/schema\/logo\/image\/"},"sameAs":["https:\/\/www.facebook.com\/bordeauxpremierpadel\/","https:\/\/www.instagram.com\/bordeauxpremierpadel\/"]}]}},"_links":{"self":[{"href":"https:\/\/www.betclic-bordeaux-premierpadel.com\/es\/wp-json\/wp\/v2\/pages\/4738","targetHints":{"allow":["GET"]}}],"collection":[{"href":"https:\/\/www.betclic-bordeaux-premierpadel.com\/es\/wp-json\/wp\/v2\/pages"}],"about":[{"href":"https:\/\/www.betclic-bordeaux-premierpadel.com\/es\/wp-json\/wp\/v2\/types\/page"}],"author":[{"embeddable":true,"href":"https:\/\/www.betclic-bordeaux-premierpadel.com\/es\/wp-json\/wp\/v2\/users\/1"}],"replies":[{"embeddable":true,"href":"https:\/\/www.betclic-bordeaux-premierpadel.com\/es\/wp-json\/wp\/v2\/comments?post=4738"}],"version-history":[{"count":5,"href":"https:\/\/www.betclic-bordeaux-premierpadel.com\/es\/wp-json\/wp\/v2\/pages\/4738\/revisions"}],"predecessor-version":[{"id":4757,"href":"https:\/\/www.betclic-bordeaux-premierpadel.com\/es\/wp-json\/wp\/v2\/pages\/4738\/revisions\/4757"}],"wp:attachment":[{"href":"https:\/\/www.betclic-bordeaux-premierpadel.com\/es\/wp-json\/wp\/v2\/media?parent=4738"}],"curies":[{"name":"wp","href":"https:\/\/api.w.org\/{rel}","templated":true}]}}